{"id":788,"date":"2026-02-10T15:56:31","date_gmt":"2026-02-10T14:56:31","guid":{"rendered":"https:\/\/solvallacamping.hornstaging.no\/?page_id=788"},"modified":"2026-02-17T09:32:36","modified_gmt":"2026-02-17T08:32:36","slug":"restaurante","status":"publish","type":"page","link":"https:\/\/solvallacamping.hornstaging.no\/es\/instalaciones\/restaurante\/","title":{"rendered":"Restaurante"},"content":{"rendered":"\t\t<div data-elementor-type=\"wp-page\" data-elementor-id=\"788\" class=\"elementor elementor-788\" data-elementor-post-type=\"page\">\n\t\t\t\t<div class=\"elementor-element elementor-element-e32dda1 e-con-full e-flex e-con e-parent\" data-id=\"e32dda1\" data-element_type=\"container\" data-e-type=\"container\">\n\t\t<div class=\"elementor-element elementor-element-9978cc8 e-flex e-con-boxed e-con e-child\" data-id=\"9978cc8\" data-element_type=\"container\" data-e-type=\"container\" data-settings=\"{&quot;background_background&quot;:&quot;classic&quot;,&quot;background_motion_fx_motion_fx_scrolling&quot;:&quot;yes&quot;,&quot;background_motion_fx_devices&quot;:[&quot;desktop&quot;,&quot;tablet&quot;,&quot;mobile&quot;]}\">\n\t\t\t\t\t<div class=\"e-con-inner\">\n\t\t<div class=\"elementor-element elementor-element-77a5318 e-con-full e-flex e-con e-child\" data-id=\"77a5318\" data-element_type=\"container\" data-e-type=\"container\">\n\t\t<div class=\"elementor-element elementor-element-d6eacfd e-con-full e-flex elementor-invisible e-con e-child\" data-id=\"d6eacfd\" data-element_type=\"container\" data-e-type=\"container\" data-settings=\"{&quot;animation&quot;:&quot;fadeIn&quot;}\">\n\t\t\t\t<div class=\"elementor-element elementor-element-e037a90 elementor-widget elementor-widget-heading\" data-id=\"e037a90\" data-element_type=\"widget\" data-e-type=\"widget\" data-widget_type=\"heading.default\">\n\t\t\t\t\t<h1 class=\"elementor-heading-title elementor-size-default\">Restaurant<\/h1>\t\t\t\t<\/div>\n\t\t\t\t<div class=\"elementor-element elementor-element-4c37807 elementor-widget elementor-widget-text-editor\" data-id=\"4c37807\" data-element_type=\"widget\" data-e-type=\"widget\" data-widget_type=\"text-editor.default\">\n\t\t\t\t\t\t\t\t\tBes\u00f8k v\u00e5r restaurant for en matopplevelse i s\u00e6rklasse. Vi serverer deilige retter inspirert av kysten, laget med lokale r\u00e5varer, som kan nytes sammen med den fantastiske utsikten over sj\u00f8en.\t\t\t\t\t\t\t\t<\/div>\n\t\t<div class=\"elementor-element elementor-element-f7a1f8f e-con-full e-flex e-con e-child\" data-id=\"f7a1f8f\" data-element_type=\"container\" data-e-type=\"container\">\n\t\t\t\t<div class=\"elementor-element elementor-element-35f7eb2 elementor-align-right elementor-mobile-align-justify elementor-widget elementor-widget-button\" data-id=\"35f7eb2\" data-element_type=\"widget\" data-e-type=\"widget\" data-widget_type=\"button.default\">\n\t\t\t\t\t\t\t\t\t\t<a class=\"elementor-button elementor-button-link elementor-size-sm\" href=\"https:\/\/solvallacamping.hornstaging.no\/sok-sesongplass\/\">\n\t\t\t\t\t\t<span class=\"elementor-button-content-wrapper\">\n\t\t\t\t\t\t<span class=\"elementor-button-icon\">\n\t\t\t\t<svg aria-hidden=\"true\" class=\"e-font-icon-svg e-fas-arrow-alt-circle-right\" viewBox=\"0 0 512 512\" xmlns=\"http:\/\/www.w3.org\/2000\/svg\"><path d=\"M256 8c137 0 248 111 248 248S393 504 256 504 8 393 8 256 119 8 256 8zM140 300h116v70.9c0 10.7 13 16.1 20.5 8.5l114.3-114.9c4.7-4.7 4.7-12.2 0-16.9l-114.3-115c-7.6-7.6-20.5-2.2-20.5 8.5V212H140c-6.6 0-12 5.4-12 12v64c0 6.6 5.4 12 12 12z\"><\/path><\/svg>\t\t\t<\/span>\n\t\t\t\t\t\t\t\t\t<span class=\"elementor-button-text\">S\u00f8k om plass<\/span>\n\t\t\t\t\t<\/span>\n\t\t\t\t\t<\/a>\n\t\t\t\t\t\t\t\t<\/div>\n\t\t\t\t<div class=\"elementor-element elementor-element-f26f257 elementor-align-right elementor-mobile-align-justify elementor-widget elementor-widget-button\" data-id=\"f26f257\" data-element_type=\"widget\" data-e-type=\"widget\" data-widget_type=\"button.default\">\n\t\t\t\t\t\t\t\t\t\t<a class=\"elementor-button elementor-button-link elementor-size-sm\" href=\"\/bestill\/\">\n\t\t\t\t\t\t<span class=\"elementor-button-content-wrapper\">\n\t\t\t\t\t\t<span class=\"elementor-button-icon\">\n\t\t\t\t<svg aria-hidden=\"true\" class=\"e-font-icon-svg e-fas-arrow-alt-circle-right\" viewBox=\"0 0 512 512\" xmlns=\"http:\/\/www.w3.org\/2000\/svg\"><path d=\"M256 8c137 0 248 111 248 248S393 504 256 504 8 393 8 256 119 8 256 8zM140 300h116v70.9c0 10.7 13 16.1 20.5 8.5l114.3-114.9c4.7-4.7 4.7-12.2 0-16.9l-114.3-115c-7.6-7.6-20.5-2.2-20.5 8.5V212H140c-6.6 0-12 5.4-12 12v64c0 6.6 5.4 12 12 12z\"><\/path><\/svg>\t\t\t<\/span>\n\t\t\t\t\t\t\t\t\t<span class=\"elementor-button-text\">Book overnatting<\/span>\n\t\t\t\t\t<\/span>\n\t\t\t\t\t<\/a>\n\t\t\t\t\t\t\t\t<\/div>\n\t\t\t\t<\/div>\n\t\t\t\t<\/div>\n\t\t\t\t<\/div>\n\t\t\t\t\t<\/div>\n\t\t\t\t<\/div>\n\t\t\t\t<\/div>\n\t\t<div class=\"elementor-element elementor-element-520bc1a e-flex e-con-boxed e-con e-parent\" data-id=\"520bc1a\" data-element_type=\"container\" data-e-type=\"container\">\n\t\t\t\t\t<div class=\"e-con-inner\">\n\t\t<div class=\"elementor-element elementor-element-887b1bf e-con-full e-flex e-con e-child\" data-id=\"887b1bf\" data-element_type=\"container\" data-e-type=\"container\">\n\t\t<div class=\"elementor-element elementor-element-abcf86f e-con-full e-flex e-con e-child\" data-id=\"abcf86f\" data-element_type=\"container\" data-e-type=\"container\" data-settings=\"{&quot;background_background&quot;:&quot;classic&quot;}\">\n\t\t\t\t<div class=\"elementor-element elementor-element-c534d84 elementor-widget elementor-widget-text-editor\" data-id=\"c534d84\" data-element_type=\"widget\" data-e-type=\"widget\" data-widget_type=\"text-editor.default\">\n\t\t\t\t\t\t\t\t\t<h2 data-path-to-node=\"1\">Restaurant Solvalla: Smaken av sommer ved vannkanten<\/h2><p data-path-to-node=\"2\">Velkommen til v\u00e5rt kulinariske samlingspunkt, vakkert plassert helt nede i vannkanten med panoramautsikt over skj\u00e6rg\u00e5rden. Her kan du nyte lange sommermiddager mens solen farger himmelen oransje over fjorden, eller en avslappet lunsj i skyggen etter en formiddag p\u00e5 stranda. Restauranten er designet for \u00e5 fange den maritime atmosf\u00e6ren, med store vindusflater og en romslig terrasse som lar deg kjenne den friske sj\u00f8luften mens du nyter et bedre m\u00e5ltid.<\/p><p data-path-to-node=\"3\">Menyen v\u00e5r er inspirert av havet og lokale r\u00e5varer, med et spesielt fokus p\u00e5 sesongens ferskeste fangst. Enten du dr\u00f8mmer om en bugnende skalldyrtallerken, en klassisk burger eller friske sommerlunsjer, har v\u00e5re kokker satt sammen retter som faller i smak hos b\u00e5de store og sm\u00e5 ganer. Vi legger stor vekt p\u00e5 kvalitet og personlig service, slik at hvert bes\u00f8k blir et lite h\u00f8ydepunkt i seg selv under ditt opphold hos oss p\u00e5 Solvalla.<\/p><h2 data-path-to-node=\"5\">Et levende samlingspunkt for gode minner<\/h2><p data-path-to-node=\"6\">Restaurant Solvalla er mer enn bare et spisested; det er her de gode feriehistoriene deles og nye vennskap knyttes over bordene. I h\u00f8ysesongen fylles lokalene med liv, og vi arrangerer jevnlig temakvelder og enkel underholdning som skaper en unik atmosf\u00e6re for hele familien. Enten du kommer innom for en forfriskende drikke i solnedgangen eller \u00f8nsker \u00e5 feire en spesiell anledning i maritime omgivelser, st\u00e5r v\u00e5rt smilende team klart til \u00e5 gi deg en opplevelse som smaker av ekte norsk sommerferie.<\/p>\t\t\t\t\t\t\t\t<\/div>\n\t\t\t\t<\/div>\n\t\t<div class=\"elementor-element elementor-element-e176a79 e-con-full e-flex e-con e-child\" data-id=\"e176a79\" data-element_type=\"container\" data-e-type=\"container\">\n\t\t<div class=\"elementor-element elementor-element-abde60d e-con-full e-flex e-con e-child\" data-id=\"abde60d\" data-element_type=\"container\" data-e-type=\"container\" data-settings=\"{&quot;sticky&quot;:&quot;top&quot;,&quot;sticky_offset&quot;:20,&quot;sticky_parent&quot;:&quot;yes&quot;,&quot;sticky_on&quot;:[&quot;desktop&quot;,&quot;tablet&quot;,&quot;mobile&quot;],&quot;sticky_effects_offset&quot;:0,&quot;sticky_anchor_link_offset&quot;:0}\">\n\t\t\t\t<div class=\"elementor-element elementor-element-9a28095 elementor-widget elementor-widget-heading\" data-id=\"9a28095\" data-element_type=\"widget\" data-e-type=\"widget\" data-widget_type=\"heading.default\">\n\t\t\t\t\t<h2 class=\"elementor-heading-title elementor-size-default\">Sjekk tilgjengelighet<\/h2>\t\t\t\t<\/div>\n\t\t\t\t<div class=\"elementor-element elementor-element-5561175 elementor-widget elementor-widget-sidebar\" data-id=\"5561175\" data-element_type=\"widget\" data-e-type=\"widget\" data-widget_type=\"sidebar.default\">\n\t\t\t\t\t<aside id=\"hb_widget_search-2\" class=\"widget widget_hb_widget_search\">\n<div id=\"hotel-booking-search-69e743b2ab563\" class=\"hotel-booking-search\">\n\n\t<form  \n\t\tname=\"hb-search-form\" action=\"https:\/\/solvallacamping.hornstaging.no\/es\/opciones-de-alojamiento-en-vare\/\" \n\t\tclass=\"hb-search-form-69e743b2ab551\"\n\t>\n\t\t\t\t<ul class=\"hb-form-table\">\n\t\t\t<li class=\"hb-form-field\">\n\t\t\t\t\t\t\t\t<div class=\"hb-form-field-input hb_input_field\">\n\t\t\t\t\t<input type=\"text\" name=\"check_in_date\" id=\"check_in_date_69e743b2ab551\"\n\t\t\t\t\t\t\tclass=\"hb_input_date_check\" value=\"\"\n\t\t\t\t\t\t\tplaceholder=\"Check-in Date\"\n\t\t\t\t\t\t\tautocomplete=\"off\"\/>\n\t\t\t\t<\/div>\n\t\t\t<\/li>\n\n\t\t\t<li class=\"hb-form-field\">\n\t\t\t\t\t\t\t\t<div class=\"hb-form-field-input hb_input_field\">\n\t\t\t\t\t<input type=\"text\" name=\"check_out_date\" id=\"check_out_date_69e743b2ab551\"\n\t\t\t\t\t\t\tclass=\"hb_input_date_check\" value=\"\"\n\t\t\t\t\t\t\tplaceholder=\"Check-out Date\"\n\t\t\t\t\t\t\tautocomplete=\"off\"\/>\n\t\t\t\t<\/div>\n\t\t\t<\/li>\n\n\t\t\t<li class=\"hb-form-field\">\n\t\t\t\t\t\t\t\t<div class=\"hb-form-field-input\">\n\t\t\t\t\t<select name=\"adults_capacity\" ><option value=\"\">Adults<\/option><option value=\"1\">1<\/option><option value=\"2\">2<\/option><option value=\"3\">3<\/option><option value=\"4\">4<\/option><option value=\"5\">5<\/option><option value=\"6\">6<\/option><option value=\"7\">7<\/option><option value=\"8\">8<\/option><option value=\"9\">9<\/option><option value=\"10\">10<\/option><option value=\"11\">11<\/option><option value=\"12\">12<\/option><option value=\"13\">13<\/option><option value=\"14\">14<\/option><option value=\"15\">15<\/option><option value=\"16\">16<\/option><option value=\"17\">17<\/option><option value=\"18\">18<\/option><option value=\"19\">19<\/option><option value=\"20\">20<\/option><\/select>\t\t\t\t<\/div>\n\t\t\t<\/li>\n\n\t\t\t<li class=\"hb-form-field\">\n\t\t\t\t\t\t\t\t<div class=\"hb-form-field-input\">\n\t\t\t\t\t<select name=\"max_child\" ><option value=\"\">Children<\/option><option value=\"1\">1<\/option><option value=\"2\">2<\/option><option value=\"3\">3<\/option><option value=\"4\">4<\/option><\/select>\t\t\t\t<\/div>\n\t\t\t<\/li>\n\t\t\t<li class=\"hb-form-field\">\n\t\t\t\t\t\t\t\t<div class=\"hb-form-field-input\">\n\t\t\t\t\t<select name=\"number-of-rooms\" ><option value=\"\">Number of rooms<\/option><option value=\"1\" selected=\"selected\">1<\/option><option value=\"2\">2<\/option><option value=\"3\">3<\/option><option value=\"4\">4<\/option><option value=\"5\">5<\/option><option value=\"6\">6<\/option><option value=\"7\">7<\/option><option value=\"8\">8<\/option><option value=\"9\">9<\/option><option value=\"10\">10<\/option><option value=\"11\">11<\/option><option value=\"12\">12<\/option><option value=\"13\">13<\/option><option value=\"14\">14<\/option><option value=\"15\">15<\/option><option value=\"16\">16<\/option><option value=\"17\">17<\/option><option value=\"18\">18<\/option><option value=\"19\">19<\/option><option value=\"20\">20<\/option><\/select>\t\t\t\t<\/div>\n\t\t\t<\/li>\n\t\t<\/ul>\n\n\t\t<input type=\"hidden\" id=\"nonce\" name=\"nonce\" value=\"58736f65dc\" \/><input type=\"hidden\" name=\"_wp_http_referer\" value=\"\/es\/wp-json\/wp\/v2\/pages\/788\" \/>\t\t<input type=\"hidden\" name=\"hotel-booking\" value=\"results\"\/>\n\t\t<input type=\"hidden\" name=\"widget-search\"\n\t\t\t\tvalue=\"&quot;1&quot;\"\/>\n\t\t<input type=\"hidden\" name=\"action\" value=\"hotel_booking_parse_search_params\"\/>\n\t\t<input type=\"hidden\" name=\"paged\" value=\"1\"\/>\n\n\t\t<p class=\"hb-submit\">\n\t\t\t<button type=\"submit\" class=\"wphb-button\">Check Availability<\/button>\n\t\t<\/p>\n\t<\/form>\n\n\t\n<\/div>\n<\/aside>\t\t\t\t<\/div>\n\t\t\t\t<\/div>\n\t\t\t\t<\/div>\n\t\t\t\t<\/div>\n\t\t\t\t\t<\/div>\n\t\t\t\t<\/div>\n\t\t\t\t<\/div>\n\t\t","protected":false},"excerpt":{"rendered":"<p>S\u00f8k om plass Book overnatting Restaurant Solvalla: Smaken av sommer ved vannkanten Velkommen til v\u00e5rt kulinariske samlingspunkt, vakkert plassert helt [&hellip;]<\/p>\n","protected":false},"author":1,"featured_media":825,"parent":342,"menu_order":0,"comment_status":"closed","ping_status":"closed","template":"","meta":{"_acf_changed":false,"site-sidebar-layout":"no-sidebar","site-content-layout":"","ast-site-content-layout":"full-width-container","site-content-style":"default","site-sidebar-style":"default","ast-global-header-display":"","ast-banner-title-visibility":"","ast-main-header-display":"","ast-hfb-above-header-display":"","ast-hfb-below-header-display":"","ast-hfb-mobile-header-display":"","site-post-title":"disabled","ast-breadcrumbs-content":"","ast-featured-img":"disabled","footer-sml-layout":"","ast-disable-related-posts":"","theme-transparent-header-meta":"","adv-header-id-meta":"","stick-header-meta":"","header-above-stick-meta":"","header-main-stick-meta":"","header-below-stick-meta":"","astra-migrate-meta-layouts":"default","ast-page-background-enabled":"default","ast-page-background-meta":{"desktop":{"background-color":"var(--ast-global-color-5)","background-image":"","background-repeat":"repeat","background-position":"center center","background-size":"auto","background-attachment":"scroll","background-type":"","background-media":"","overlay-type":"","overlay-color":"","overlay-opacity":"","overlay-gradient":""},"tablet":{"background-color":"","background-image":"","background-repeat":"repeat","background-position":"center center","background-size":"auto","background-attachment":"scroll","background-type":"","background-media":"","overlay-type":"","overlay-color":"","overlay-opacity":"","overlay-gradient":""},"mobile":{"background-color":"","background-image":"","background-repeat":"repeat","background-position":"center center","background-size":"auto","background-attachment":"scroll","background-type":"","background-media":"","overlay-type":"","overlay-color":"","overlay-opacity":"","overlay-gradient":""}},"ast-content-background-meta":{"desktop":{"background-color":"var(--ast-global-color-4)","background-image":"","background-repeat":"repeat","background-position":"center center","background-size":"auto","background-attachment":"scroll","background-type":"","background-media":"","overlay-type":"","overlay-color":"","overlay-opacity":"","overlay-gradient":""},"tablet":{"background-color":"var(--ast-global-color-4)","background-image":"","background-repeat":"repeat","background-position":"center center","background-size":"auto","background-attachment":"scroll","background-type":"","background-media":"","overlay-type":"","overlay-color":"","overlay-opacity":"","overlay-gradient":""},"mobile":{"background-color":"var(--ast-global-color-4)","background-image":"","background-repeat":"repeat","background-position":"center center","background-size":"auto","background-attachment":"scroll","background-type":"","background-media":"","overlay-type":"","overlay-color":"","overlay-opacity":"","overlay-gradient":""}},"footnotes":""},"class_list":["post-788","page","type-page","status-publish","has-post-thumbnail","hentry"],"acf":[],"yoast_head":"<!-- This site is optimized with the Yoast SEO plugin v26.9 - https:\/\/yoast.com\/product\/yoast-seo-wordpress\/ -->\n<title>Restaurant Solvalla ved vannkanten<\/title>\n<meta name=\"description\" content=\"Bes\u00f8k Restaurant Solvalla og nyt retter med lokale r\u00e5varer, skalldyr og sommermeny med panoramautsikt over fjorden.\" \/>\n<meta name=\"robots\" content=\"noindex, follow, max-snippet:-1, max-image-preview:large, max-video-preview:-1\" \/>\n<meta property=\"og:locale\" content=\"es_ES\" \/>\n<meta property=\"og:type\" content=\"article\" \/>\n<meta property=\"og:title\" content=\"Restaurant Solvalla ved vannkanten\" \/>\n<meta property=\"og:description\" content=\"Bes\u00f8k Restaurant Solvalla og nyt retter med lokale r\u00e5varer, skalldyr og sommermeny med panoramautsikt over fjorden.\" \/>\n<meta property=\"og:url\" content=\"https:\/\/solvallacamping.hornstaging.no\/es\/instalaciones\/restaurante\/\" \/>\n<meta property=\"og:site_name\" content=\"Solvalla Camping\" \/>\n<meta property=\"article:modified_time\" content=\"2026-02-17T08:32:36+00:00\" \/>\n<meta property=\"og:image\" content=\"https:\/\/solvallacamping.hornstaging.no\/wp-content\/uploads\/2026\/02\/Gemini_Generated_Image_5cvp8z5cvp8z5cvp.jpg\" \/>\n\t<meta property=\"og:image:width\" content=\"1746\" \/>\n\t<meta property=\"og:image:height\" content=\"975\" \/>\n\t<meta property=\"og:image:type\" content=\"image\/jpeg\" \/>\n<meta name=\"twitter:card\" content=\"summary_large_image\" \/>\n<meta name=\"twitter:label1\" content=\"Tiempo de lectura\" \/>\n\t<meta name=\"twitter:data1\" content=\"2 minutos\" \/>\n<script type=\"application\/ld+json\" class=\"yoast-schema-graph\">{\"@context\":\"https:\/\/schema.org\",\"@graph\":[{\"@type\":\"WebPage\",\"@id\":\"https:\/\/solvallacamping.hornstaging.no\/fasiliteter\/restaurant\/\",\"url\":\"https:\/\/solvallacamping.hornstaging.no\/fasiliteter\/restaurant\/\",\"name\":\"Restaurant Solvalla ved vannkanten\",\"isPartOf\":{\"@id\":\"https:\/\/solvallacamping.hornstaging.no\/#website\"},\"primaryImageOfPage\":{\"@id\":\"https:\/\/solvallacamping.hornstaging.no\/fasiliteter\/restaurant\/#primaryimage\"},\"image\":{\"@id\":\"https:\/\/solvallacamping.hornstaging.no\/fasiliteter\/restaurant\/#primaryimage\"},\"thumbnailUrl\":\"https:\/\/solvallacamping.hornstaging.no\/wp-content\/uploads\/2026\/02\/Gemini_Generated_Image_5cvp8z5cvp8z5cvp.jpg\",\"datePublished\":\"2026-02-10T14:56:31+00:00\",\"dateModified\":\"2026-02-17T08:32:36+00:00\",\"description\":\"Bes\u00f8k Restaurant Solvalla og nyt retter med lokale r\u00e5varer, skalldyr og sommermeny med panoramautsikt over fjorden.\",\"breadcrumb\":{\"@id\":\"https:\/\/solvallacamping.hornstaging.no\/fasiliteter\/restaurant\/#breadcrumb\"},\"inLanguage\":\"es\",\"potentialAction\":[{\"@type\":\"ReadAction\",\"target\":[\"https:\/\/solvallacamping.hornstaging.no\/fasiliteter\/restaurant\/\"]}]},{\"@type\":\"ImageObject\",\"inLanguage\":\"es\",\"@id\":\"https:\/\/solvallacamping.hornstaging.no\/fasiliteter\/restaurant\/#primaryimage\",\"url\":\"https:\/\/solvallacamping.hornstaging.no\/wp-content\/uploads\/2026\/02\/Gemini_Generated_Image_5cvp8z5cvp8z5cvp.jpg\",\"contentUrl\":\"https:\/\/solvallacamping.hornstaging.no\/wp-content\/uploads\/2026\/02\/Gemini_Generated_Image_5cvp8z5cvp8z5cvp.jpg\",\"width\":1746,\"height\":975},{\"@type\":\"BreadcrumbList\",\"@id\":\"https:\/\/solvallacamping.hornstaging.no\/fasiliteter\/restaurant\/#breadcrumb\",\"itemListElement\":[{\"@type\":\"ListItem\",\"position\":1,\"name\":\"Hjem\",\"item\":\"https:\/\/solvallacamping.hornstaging.no\/\"},{\"@type\":\"ListItem\",\"position\":2,\"name\":\"Fasiliteter\",\"item\":\"https:\/\/solvallacamping.hornstaging.no\/fasiliteter\/\"},{\"@type\":\"ListItem\",\"position\":3,\"name\":\"Restaurant\"}]},{\"@type\":\"WebSite\",\"@id\":\"https:\/\/solvallacamping.hornstaging.no\/#website\",\"url\":\"https:\/\/solvallacamping.hornstaging.no\/\",\"name\":\"Solvalla Camping\",\"description\":\"Glamping og hytter ved sj\u00f8en\",\"publisher\":{\"@id\":\"https:\/\/solvallacamping.hornstaging.no\/#organization\"},\"potentialAction\":[{\"@type\":\"SearchAction\",\"target\":{\"@type\":\"EntryPoint\",\"urlTemplate\":\"https:\/\/solvallacamping.hornstaging.no\/?s={search_term_string}\"},\"query-input\":{\"@type\":\"PropertyValueSpecification\",\"valueRequired\":true,\"valueName\":\"search_term_string\"}}],\"inLanguage\":\"es\"},{\"@type\":\"Organization\",\"@id\":\"https:\/\/solvallacamping.hornstaging.no\/#organization\",\"name\":\"Solvalla Camping\",\"url\":\"https:\/\/solvallacamping.hornstaging.no\/\",\"logo\":{\"@type\":\"ImageObject\",\"inLanguage\":\"es\",\"@id\":\"https:\/\/solvallacamping.hornstaging.no\/#\/schema\/logo\/image\/\",\"url\":\"https:\/\/solvallacamping.hornstaging.no\/wp-content\/uploads\/2026\/02\/logo-solvallacamping-lys.png\",\"contentUrl\":\"https:\/\/solvallacamping.hornstaging.no\/wp-content\/uploads\/2026\/02\/logo-solvallacamping-lys.png\",\"width\":557,\"height\":196,\"caption\":\"Solvalla Camping\"},\"image\":{\"@id\":\"https:\/\/solvallacamping.hornstaging.no\/#\/schema\/logo\/image\/\"}}]}<\/script>\n<!-- \/ Yoast SEO plugin. -->","yoast_head_json":{"title":"Restaurante Solvalla frente al mar","description":"Visite el Restaurante Solvalla y disfrute de platos con productos locales, marisco y un men\u00fa de verano con vistas panor\u00e1micas del fiordo.","robots":{"index":"noindex","follow":"follow","max-snippet":"max-snippet:-1","max-image-preview":"max-image-preview:large","max-video-preview":"max-video-preview:-1"},"og_locale":"es_ES","og_type":"article","og_title":"Restaurant Solvalla ved vannkanten","og_description":"Bes\u00f8k Restaurant Solvalla og nyt retter med lokale r\u00e5varer, skalldyr og sommermeny med panoramautsikt over fjorden.","og_url":"https:\/\/solvallacamping.hornstaging.no\/es\/instalaciones\/restaurante\/","og_site_name":"Solvalla Camping","article_modified_time":"2026-02-17T08:32:36+00:00","og_image":[{"width":1746,"height":975,"url":"https:\/\/solvallacamping.hornstaging.no\/wp-content\/uploads\/2026\/02\/Gemini_Generated_Image_5cvp8z5cvp8z5cvp.jpg","type":"image\/jpeg"}],"twitter_card":"summary_large_image","twitter_misc":{"Tiempo de lectura":"2 minutos"},"schema":{"@context":"https:\/\/schema.org","@graph":[{"@type":"WebPage","@id":"https:\/\/solvallacamping.hornstaging.no\/fasiliteter\/restaurant\/","url":"https:\/\/solvallacamping.hornstaging.no\/fasiliteter\/restaurant\/","name":"Restaurante Solvalla frente al mar","isPartOf":{"@id":"https:\/\/solvallacamping.hornstaging.no\/#website"},"primaryImageOfPage":{"@id":"https:\/\/solvallacamping.hornstaging.no\/fasiliteter\/restaurant\/#primaryimage"},"image":{"@id":"https:\/\/solvallacamping.hornstaging.no\/fasiliteter\/restaurant\/#primaryimage"},"thumbnailUrl":"https:\/\/solvallacamping.hornstaging.no\/wp-content\/uploads\/2026\/02\/Gemini_Generated_Image_5cvp8z5cvp8z5cvp.jpg","datePublished":"2026-02-10T14:56:31+00:00","dateModified":"2026-02-17T08:32:36+00:00","description":"Visite el Restaurante Solvalla y disfrute de platos con productos locales, marisco y un men\u00fa de verano con vistas panor\u00e1micas del fiordo.","breadcrumb":{"@id":"https:\/\/solvallacamping.hornstaging.no\/fasiliteter\/restaurant\/#breadcrumb"},"inLanguage":"es","potentialAction":[{"@type":"ReadAction","target":["https:\/\/solvallacamping.hornstaging.no\/fasiliteter\/restaurant\/"]}]},{"@type":"ImageObject","inLanguage":"es","@id":"https:\/\/solvallacamping.hornstaging.no\/fasiliteter\/restaurant\/#primaryimage","url":"https:\/\/solvallacamping.hornstaging.no\/wp-content\/uploads\/2026\/02\/Gemini_Generated_Image_5cvp8z5cvp8z5cvp.jpg","contentUrl":"https:\/\/solvallacamping.hornstaging.no\/wp-content\/uploads\/2026\/02\/Gemini_Generated_Image_5cvp8z5cvp8z5cvp.jpg","width":1746,"height":975},{"@type":"BreadcrumbList","@id":"https:\/\/solvallacamping.hornstaging.no\/fasiliteter\/restaurant\/#breadcrumb","itemListElement":[{"@type":"ListItem","position":1,"name":"Hjem","item":"https:\/\/solvallacamping.hornstaging.no\/"},{"@type":"ListItem","position":2,"name":"Fasiliteter","item":"https:\/\/solvallacamping.hornstaging.no\/fasiliteter\/"},{"@type":"ListItem","position":3,"name":"Restaurant"}]},{"@type":"WebSite","@id":"https:\/\/solvallacamping.hornstaging.no\/#website","url":"https:\/\/solvallacamping.hornstaging.no\/","name":"Camping Solvalla","description":"Glamping y caba\u00f1as junto al mar","publisher":{"@id":"https:\/\/solvallacamping.hornstaging.no\/#organization"},"potentialAction":[{"@type":"SearchAction","target":{"@type":"EntryPoint","urlTemplate":"https:\/\/solvallacamping.hornstaging.no\/?s={search_term_string}"},"query-input":{"@type":"PropertyValueSpecification","valueRequired":true,"valueName":"search_term_string"}}],"inLanguage":"es"},{"@type":"Organization","@id":"https:\/\/solvallacamping.hornstaging.no\/#organization","name":"Camping Solvalla","url":"https:\/\/solvallacamping.hornstaging.no\/","logo":{"@type":"ImageObject","inLanguage":"es","@id":"https:\/\/solvallacamping.hornstaging.no\/#\/schema\/logo\/image\/","url":"https:\/\/solvallacamping.hornstaging.no\/wp-content\/uploads\/2026\/02\/logo-solvallacamping-lys.png","contentUrl":"https:\/\/solvallacamping.hornstaging.no\/wp-content\/uploads\/2026\/02\/logo-solvallacamping-lys.png","width":557,"height":196,"caption":"Solvalla Camping"},"image":{"@id":"https:\/\/solvallacamping.hornstaging.no\/#\/schema\/logo\/image\/"}}]}},"_links":{"self":[{"href":"https:\/\/solvallacamping.hornstaging.no\/es\/wp-json\/wp\/v2\/pages\/788","targetHints":{"allow":["GET"]}}],"collection":[{"href":"https:\/\/solvallacamping.hornstaging.no\/es\/wp-json\/wp\/v2\/pages"}],"about":[{"href":"https:\/\/solvallacamping.hornstaging.no\/es\/wp-json\/wp\/v2\/types\/page"}],"author":[{"embeddable":true,"href":"https:\/\/solvallacamping.hornstaging.no\/es\/wp-json\/wp\/v2\/users\/1"}],"replies":[{"embeddable":true,"href":"https:\/\/solvallacamping.hornstaging.no\/es\/wp-json\/wp\/v2\/comments?post=788"}],"version-history":[{"count":10,"href":"https:\/\/solvallacamping.hornstaging.no\/es\/wp-json\/wp\/v2\/pages\/788\/revisions"}],"predecessor-version":[{"id":1696,"href":"https:\/\/solvallacamping.hornstaging.no\/es\/wp-json\/wp\/v2\/pages\/788\/revisions\/1696"}],"up":[{"embeddable":true,"href":"https:\/\/solvallacamping.hornstaging.no\/es\/wp-json\/wp\/v2\/pages\/342"}],"wp:featuredmedia":[{"embeddable":true,"href":"https:\/\/solvallacamping.hornstaging.no\/es\/wp-json\/wp\/v2\/media\/825"}],"wp:attachment":[{"href":"https:\/\/solvallacamping.hornstaging.no\/es\/wp-json\/wp\/v2\/media?parent=788"}],"curies":[{"name":"wp","href":"https:\/\/api.w.org\/{rel}","templated":true}]}}