{"id":778,"date":"2026-02-10T15:55:43","date_gmt":"2026-02-10T14:55:43","guid":{"rendered":"https:\/\/solvallacamping.hornstaging.no\/?page_id=778"},"modified":"2026-02-17T09:30:01","modified_gmt":"2026-02-17T08:30:01","slug":"quiosco","status":"publish","type":"page","link":"https:\/\/solvallacamping.hornstaging.no\/es\/instalaciones\/quiosco\/","title":{"rendered":"Kiosco"},"content":{"rendered":"\t\t<div data-elementor-type=\"wp-page\" data-elementor-id=\"778\" class=\"elementor elementor-778\" data-elementor-post-type=\"page\">\n\t\t\t\t<div class=\"elementor-element elementor-element-84d9d3a e-con-full e-flex e-con e-parent\" data-id=\"84d9d3a\" data-element_type=\"container\" data-e-type=\"container\">\n\t\t<div class=\"elementor-element elementor-element-9248945 e-flex e-con-boxed e-con e-child\" data-id=\"9248945\" data-element_type=\"container\" data-e-type=\"container\" data-settings=\"{&quot;background_background&quot;:&quot;classic&quot;,&quot;background_motion_fx_motion_fx_scrolling&quot;:&quot;yes&quot;,&quot;background_motion_fx_devices&quot;:[&quot;desktop&quot;,&quot;tablet&quot;,&quot;mobile&quot;]}\">\n\t\t\t\t\t<div class=\"e-con-inner\">\n\t\t<div class=\"elementor-element elementor-element-3497974 e-con-full e-flex e-con e-child\" data-id=\"3497974\" data-element_type=\"container\" data-e-type=\"container\">\n\t\t<div class=\"elementor-element elementor-element-782d095 e-con-full e-flex elementor-invisible e-con e-child\" data-id=\"782d095\" data-element_type=\"container\" data-e-type=\"container\" data-settings=\"{&quot;animation&quot;:&quot;fadeIn&quot;}\">\n\t\t\t\t<div class=\"elementor-element elementor-element-74e8859 elementor-widget elementor-widget-heading\" data-id=\"74e8859\" data-element_type=\"widget\" data-e-type=\"widget\" data-widget_type=\"heading.default\">\n\t\t\t\t\t<h1 class=\"elementor-heading-title elementor-size-default\">Kiosk<\/h1>\t\t\t\t<\/div>\n\t\t\t\t<div class=\"elementor-element elementor-element-2e660da elementor-widget elementor-widget-text-editor\" data-id=\"2e660da\" data-element_type=\"widget\" data-e-type=\"widget\" data-widget_type=\"text-editor.default\">\n\t\t\t\t\t\t\t\t\tKiosken v\u00e5r er stedet for de sm\u00e5 gledene. Her f\u00e5r du kj\u00f8pt nystekte rundstykker til frokost, kald drikke, is og de mest n\u00f8dvendige sm\u00e5tingene du m\u00e5tte ha glemt hjemme.\t\t\t\t\t\t\t\t<\/div>\n\t\t<div class=\"elementor-element elementor-element-f0ddea9 e-con-full e-flex e-con e-child\" data-id=\"f0ddea9\" data-element_type=\"container\" data-e-type=\"container\">\n\t\t\t\t<div class=\"elementor-element elementor-element-8b0bd22 elementor-align-right elementor-mobile-align-justify elementor-widget elementor-widget-button\" data-id=\"8b0bd22\" data-element_type=\"widget\" data-e-type=\"widget\" data-widget_type=\"button.default\">\n\t\t\t\t\t\t\t\t\t\t<a class=\"elementor-button elementor-button-link elementor-size-sm\" href=\"https:\/\/solvallacamping.hornstaging.no\/sok-sesongplass\/\">\n\t\t\t\t\t\t<span class=\"elementor-button-content-wrapper\">\n\t\t\t\t\t\t<span class=\"elementor-button-icon\">\n\t\t\t\t<svg aria-hidden=\"true\" class=\"e-font-icon-svg e-fas-arrow-alt-circle-right\" viewBox=\"0 0 512 512\" xmlns=\"http:\/\/www.w3.org\/2000\/svg\"><path d=\"M256 8c137 0 248 111 248 248S393 504 256 504 8 393 8 256 119 8 256 8zM140 300h116v70.9c0 10.7 13 16.1 20.5 8.5l114.3-114.9c4.7-4.7 4.7-12.2 0-16.9l-114.3-115c-7.6-7.6-20.5-2.2-20.5 8.5V212H140c-6.6 0-12 5.4-12 12v64c0 6.6 5.4 12 12 12z\"><\/path><\/svg>\t\t\t<\/span>\n\t\t\t\t\t\t\t\t\t<span class=\"elementor-button-text\">S\u00f8k om plass<\/span>\n\t\t\t\t\t<\/span>\n\t\t\t\t\t<\/a>\n\t\t\t\t\t\t\t\t<\/div>\n\t\t\t\t<div class=\"elementor-element elementor-element-048c9ed elementor-align-right elementor-mobile-align-justify elementor-widget elementor-widget-button\" data-id=\"048c9ed\" data-element_type=\"widget\" data-e-type=\"widget\" data-widget_type=\"button.default\">\n\t\t\t\t\t\t\t\t\t\t<a class=\"elementor-button elementor-button-link elementor-size-sm\" href=\"\/bestill\/\">\n\t\t\t\t\t\t<span class=\"elementor-button-content-wrapper\">\n\t\t\t\t\t\t<span class=\"elementor-button-icon\">\n\t\t\t\t<svg aria-hidden=\"true\" class=\"e-font-icon-svg e-fas-arrow-alt-circle-right\" viewBox=\"0 0 512 512\" xmlns=\"http:\/\/www.w3.org\/2000\/svg\"><path d=\"M256 8c137 0 248 111 248 248S393 504 256 504 8 393 8 256 119 8 256 8zM140 300h116v70.9c0 10.7 13 16.1 20.5 8.5l114.3-114.9c4.7-4.7 4.7-12.2 0-16.9l-114.3-115c-7.6-7.6-20.5-2.2-20.5 8.5V212H140c-6.6 0-12 5.4-12 12v64c0 6.6 5.4 12 12 12z\"><\/path><\/svg>\t\t\t<\/span>\n\t\t\t\t\t\t\t\t\t<span class=\"elementor-button-text\">Book overnatting<\/span>\n\t\t\t\t\t<\/span>\n\t\t\t\t\t<\/a>\n\t\t\t\t\t\t\t\t<\/div>\n\t\t\t\t<\/div>\n\t\t\t\t<\/div>\n\t\t\t\t<\/div>\n\t\t\t\t\t<\/div>\n\t\t\t\t<\/div>\n\t\t\t\t<\/div>\n\t\t<div class=\"elementor-element elementor-element-5842b25 e-flex e-con-boxed e-con e-parent\" data-id=\"5842b25\" data-element_type=\"container\" data-e-type=\"container\">\n\t\t\t\t\t<div class=\"e-con-inner\">\n\t\t<div class=\"elementor-element elementor-element-e5f86ea e-con-full e-flex e-con e-child\" data-id=\"e5f86ea\" data-element_type=\"container\" data-e-type=\"container\">\n\t\t<div class=\"elementor-element elementor-element-9feb21e e-con-full e-flex e-con e-child\" data-id=\"9feb21e\" data-element_type=\"container\" data-e-type=\"container\" data-settings=\"{&quot;background_background&quot;:&quot;classic&quot;}\">\n\t\t\t\t<div class=\"elementor-element elementor-element-c59ba1b elementor-widget elementor-widget-text-editor\" data-id=\"c59ba1b\" data-element_type=\"widget\" data-e-type=\"widget\" data-widget_type=\"text-editor.default\">\n\t\t\t\t\t\t\t\t\t<h2 data-path-to-node=\"1\">Kiosken: Sommerens s\u00f8te midtpunkt<\/h2><p data-path-to-node=\"2\">Ingenting sier campingferie som duften av nystekte rundstykker og lyden av en avis som brettes ut i morgenbrisen. Kiosken v\u00e5r p\u00e5 Solvalla er det naturlige samlingspunktet hver eneste morgen, hvor du kan sikre deg dagens ferske bakst til frokosten p\u00e5 plattingen. Vi s\u00f8rger for at du f\u00e5r den perfekte starten p\u00e5 dagen, enten du foretrekker en kopp rykende varm kaffe eller kald juice til de sm\u00e5.<\/p><p data-path-to-node=\"3\">Utover dagen forvandles kiosken til et paradis for b\u00e5de is-elskere og godtemomser. Vi har et bredt utvalg av iskrem, kalde drikker og alt du trenger av snacks til en lat dag p\u00e5 stranda. Har du glemt solkremen, eller trenger du p\u00e5fyll av grillkull til kveldens middag? Slapp helt av \u2013 hyllene v\u00e5re er fylt med de viktigste n\u00f8dvendighetene som gj\u00f8r at du slipper \u00e5 forlate campingidyllen for hver minste ting.<\/p><h2 data-path-to-node=\"5\">Alt du trenger for en s\u00f8ml\u00f8s ferie<\/h2><p data-path-to-node=\"6\">Vi vet at de sm\u00e5 tingene betyr mye n\u00e5r man er p\u00e5 ferie. Derfor fungerer kiosken ogs\u00e5 som et sted for en hyggelig prat og p\u00e5fyll av praktiske sm\u00e5saker du m\u00e5tte trenge underveis. Her finner du alt fra lokale fiskekort til de nyeste bladene og et utvalg av de mest n\u00f8dvendige kolonialvarene. Vi holder rause \u00e5pningstider i h\u00f8ysesongen, slik at du alltid har tilgang til det lille ekstra som setter gullkant p\u00e5 oppholdet ditt hos oss p\u00e5 Solvalla.<\/p>\t\t\t\t\t\t\t\t<\/div>\n\t\t\t\t<\/div>\n\t\t<div class=\"elementor-element elementor-element-130f523 e-con-full e-flex e-con e-child\" data-id=\"130f523\" data-element_type=\"container\" data-e-type=\"container\">\n\t\t<div class=\"elementor-element elementor-element-c522d06 e-con-full e-flex e-con e-child\" data-id=\"c522d06\" data-element_type=\"container\" data-e-type=\"container\" data-settings=\"{&quot;sticky&quot;:&quot;top&quot;,&quot;sticky_offset&quot;:20,&quot;sticky_parent&quot;:&quot;yes&quot;,&quot;sticky_on&quot;:[&quot;desktop&quot;,&quot;tablet&quot;,&quot;mobile&quot;],&quot;sticky_effects_offset&quot;:0,&quot;sticky_anchor_link_offset&quot;:0}\">\n\t\t\t\t<div class=\"elementor-element elementor-element-f292aa7 elementor-widget elementor-widget-heading\" data-id=\"f292aa7\" data-element_type=\"widget\" data-e-type=\"widget\" data-widget_type=\"heading.default\">\n\t\t\t\t\t<h2 class=\"elementor-heading-title elementor-size-default\">Sjekk tilgjengelighet<\/h2>\t\t\t\t<\/div>\n\t\t\t\t<div class=\"elementor-element elementor-element-1d4f7be elementor-widget elementor-widget-sidebar\" data-id=\"1d4f7be\" data-element_type=\"widget\" data-e-type=\"widget\" data-widget_type=\"sidebar.default\">\n\t\t\t\t\t<aside id=\"hb_widget_search-2\" class=\"widget widget_hb_widget_search\">\n<div id=\"hotel-booking-search-69e756fd37076\" class=\"hotel-booking-search\">\n\n\t<form  \n\t\tname=\"hb-search-form\" action=\"https:\/\/solvallacamping.hornstaging.no\/es\/opciones-de-alojamiento-en-vare\/\" \n\t\tclass=\"hb-search-form-69e756fd37068\"\n\t>\n\t\t\t\t<ul class=\"hb-form-table\">\n\t\t\t<li class=\"hb-form-field\">\n\t\t\t\t\t\t\t\t<div class=\"hb-form-field-input hb_input_field\">\n\t\t\t\t\t<input type=\"text\" name=\"check_in_date\" id=\"check_in_date_69e756fd37068\"\n\t\t\t\t\t\t\tclass=\"hb_input_date_check\" value=\"\"\n\t\t\t\t\t\t\tplaceholder=\"Check-in Date\"\n\t\t\t\t\t\t\tautocomplete=\"off\"\/>\n\t\t\t\t<\/div>\n\t\t\t<\/li>\n\n\t\t\t<li class=\"hb-form-field\">\n\t\t\t\t\t\t\t\t<div class=\"hb-form-field-input hb_input_field\">\n\t\t\t\t\t<input type=\"text\" name=\"check_out_date\" id=\"check_out_date_69e756fd37068\"\n\t\t\t\t\t\t\tclass=\"hb_input_date_check\" value=\"\"\n\t\t\t\t\t\t\tplaceholder=\"Check-out Date\"\n\t\t\t\t\t\t\tautocomplete=\"off\"\/>\n\t\t\t\t<\/div>\n\t\t\t<\/li>\n\n\t\t\t<li class=\"hb-form-field\">\n\t\t\t\t\t\t\t\t<div class=\"hb-form-field-input\">\n\t\t\t\t\t<select name=\"adults_capacity\" ><option value=\"\">Adults<\/option><option value=\"1\">1<\/option><option value=\"2\">2<\/option><option value=\"3\">3<\/option><option value=\"4\">4<\/option><option value=\"5\">5<\/option><option value=\"6\">6<\/option><option value=\"7\">7<\/option><option value=\"8\">8<\/option><option value=\"9\">9<\/option><option value=\"10\">10<\/option><option value=\"11\">11<\/option><option value=\"12\">12<\/option><option value=\"13\">13<\/option><option value=\"14\">14<\/option><option value=\"15\">15<\/option><option value=\"16\">16<\/option><option value=\"17\">17<\/option><option value=\"18\">18<\/option><option value=\"19\">19<\/option><option value=\"20\">20<\/option><\/select>\t\t\t\t<\/div>\n\t\t\t<\/li>\n\n\t\t\t<li class=\"hb-form-field\">\n\t\t\t\t\t\t\t\t<div class=\"hb-form-field-input\">\n\t\t\t\t\t<select name=\"max_child\" ><option value=\"\">Children<\/option><option value=\"1\">1<\/option><option value=\"2\">2<\/option><option value=\"3\">3<\/option><option value=\"4\">4<\/option><\/select>\t\t\t\t<\/div>\n\t\t\t<\/li>\n\t\t\t<li class=\"hb-form-field\">\n\t\t\t\t\t\t\t\t<div class=\"hb-form-field-input\">\n\t\t\t\t\t<select name=\"number-of-rooms\" ><option value=\"\">Number of rooms<\/option><option value=\"1\" selected=\"selected\">1<\/option><option value=\"2\">2<\/option><option value=\"3\">3<\/option><option value=\"4\">4<\/option><option value=\"5\">5<\/option><option value=\"6\">6<\/option><option value=\"7\">7<\/option><option value=\"8\">8<\/option><option value=\"9\">9<\/option><option value=\"10\">10<\/option><option value=\"11\">11<\/option><option value=\"12\">12<\/option><option value=\"13\">13<\/option><option value=\"14\">14<\/option><option value=\"15\">15<\/option><option value=\"16\">16<\/option><option value=\"17\">17<\/option><option value=\"18\">18<\/option><option value=\"19\">19<\/option><option value=\"20\">20<\/option><\/select>\t\t\t\t<\/div>\n\t\t\t<\/li>\n\t\t<\/ul>\n\n\t\t<input type=\"hidden\" id=\"nonce\" name=\"nonce\" value=\"58736f65dc\" \/><input type=\"hidden\" name=\"_wp_http_referer\" value=\"\/es\/wp-json\/wp\/v2\/pages\/778\" \/>\t\t<input type=\"hidden\" name=\"hotel-booking\" value=\"results\"\/>\n\t\t<input type=\"hidden\" name=\"widget-search\"\n\t\t\t\tvalue=\"&quot;1&quot;\"\/>\n\t\t<input type=\"hidden\" name=\"action\" value=\"hotel_booking_parse_search_params\"\/>\n\t\t<input type=\"hidden\" name=\"paged\" value=\"1\"\/>\n\n\t\t<p class=\"hb-submit\">\n\t\t\t<button type=\"submit\" class=\"wphb-button\">Check Availability<\/button>\n\t\t<\/p>\n\t<\/form>\n\n\t\n<\/div>\n<\/aside>\t\t\t\t<\/div>\n\t\t\t\t<\/div>\n\t\t\t\t<\/div>\n\t\t\t\t<\/div>\n\t\t\t\t\t<\/div>\n\t\t\t\t<\/div>\n\t\t\t\t<\/div>\n\t\t","protected":false},"excerpt":{"rendered":"<p>S\u00f8k om plass Book overnatting Kiosken: Sommerens s\u00f8te midtpunkt Ingenting sier campingferie som duften av nystekte rundstykker og lyden av [&hellip;]<\/p>\n","protected":false},"author":1,"featured_media":824,"parent":342,"menu_order":0,"comment_status":"closed","ping_status":"closed","template":"","meta":{"_acf_changed":false,"site-sidebar-layout":"no-sidebar","site-content-layout":"","ast-site-content-layout":"full-width-container","site-content-style":"default","site-sidebar-style":"default","ast-global-header-display":"","ast-banner-title-visibility":"","ast-main-header-display":"","ast-hfb-above-header-display":"","ast-hfb-below-header-display":"","ast-hfb-mobile-header-display":"","site-post-title":"disabled","ast-breadcrumbs-content":"","ast-featured-img":"disabled","footer-sml-layout":"","ast-disable-related-posts":"","theme-transparent-header-meta":"","adv-header-id-meta":"","stick-header-meta":"","header-above-stick-meta":"","header-main-stick-meta":"","header-below-stick-meta":"","astra-migrate-meta-layouts":"default","ast-page-background-enabled":"default","ast-page-background-meta":{"desktop":{"background-color":"var(--ast-global-color-5)","background-image":"","background-repeat":"repeat","background-position":"center center","background-size":"auto","background-attachment":"scroll","background-type":"","background-media":"","overlay-type":"","overlay-color":"","overlay-opacity":"","overlay-gradient":""},"tablet":{"background-color":"","background-image":"","background-repeat":"repeat","background-position":"center center","background-size":"auto","background-attachment":"scroll","background-type":"","background-media":"","overlay-type":"","overlay-color":"","overlay-opacity":"","overlay-gradient":""},"mobile":{"background-color":"","background-image":"","background-repeat":"repeat","background-position":"center center","background-size":"auto","background-attachment":"scroll","background-type":"","background-media":"","overlay-type":"","overlay-color":"","overlay-opacity":"","overlay-gradient":""}},"ast-content-background-meta":{"desktop":{"background-color":"var(--ast-global-color-4)","background-image":"","background-repeat":"repeat","background-position":"center center","background-size":"auto","background-attachment":"scroll","background-type":"","background-media":"","overlay-type":"","overlay-color":"","overlay-opacity":"","overlay-gradient":""},"tablet":{"background-color":"var(--ast-global-color-4)","background-image":"","background-repeat":"repeat","background-position":"center center","background-size":"auto","background-attachment":"scroll","background-type":"","background-media":"","overlay-type":"","overlay-color":"","overlay-opacity":"","overlay-gradient":""},"mobile":{"background-color":"var(--ast-global-color-4)","background-image":"","background-repeat":"repeat","background-position":"center center","background-size":"auto","background-attachment":"scroll","background-type":"","background-media":"","overlay-type":"","overlay-color":"","overlay-opacity":"","overlay-gradient":""}},"footnotes":""},"class_list":["post-778","page","type-page","status-publish","has-post-thumbnail","hentry"],"acf":[],"yoast_head":"<!-- This site is optimized with the Yoast SEO plugin v26.9 - https:\/\/yoast.com\/product\/yoast-seo-wordpress\/ -->\n<title>Kiosk p\u00e5 Solvalla Camping<\/title>\n<meta name=\"description\" content=\"Bes\u00f8k kiosken p\u00e5 Solvalla Camping for ferske rundstykker, is, drikke og n\u00f8dvendigheter. Alt du trenger for en enkel og hyggelig ferie.\" \/>\n<meta name=\"robots\" content=\"noindex, follow, max-snippet:-1, max-image-preview:large, max-video-preview:-1\" \/>\n<meta property=\"og:locale\" content=\"es_ES\" \/>\n<meta property=\"og:type\" content=\"article\" \/>\n<meta property=\"og:title\" content=\"Kiosk p\u00e5 Solvalla Camping\" \/>\n<meta property=\"og:description\" content=\"Bes\u00f8k kiosken p\u00e5 Solvalla Camping for ferske rundstykker, is, drikke og n\u00f8dvendigheter. Alt du trenger for en enkel og hyggelig ferie.\" \/>\n<meta property=\"og:url\" content=\"https:\/\/solvallacamping.hornstaging.no\/es\/instalaciones\/quiosco\/\" \/>\n<meta property=\"og:site_name\" content=\"Solvalla Camping\" \/>\n<meta property=\"article:modified_time\" content=\"2026-02-17T08:30:01+00:00\" \/>\n<meta property=\"og:image\" content=\"https:\/\/solvallacamping.hornstaging.no\/wp-content\/uploads\/2026\/02\/Gemini_Generated_Image_lj33t1lj33t1lj33.jpg\" \/>\n\t<meta property=\"og:image:width\" content=\"1746\" \/>\n\t<meta property=\"og:image:height\" content=\"975\" \/>\n\t<meta property=\"og:image:type\" content=\"image\/jpeg\" \/>\n<meta name=\"twitter:card\" content=\"summary_large_image\" \/>\n<meta name=\"twitter:label1\" content=\"Tiempo de lectura\" \/>\n\t<meta name=\"twitter:data1\" content=\"2 minutos\" \/>\n<script type=\"application\/ld+json\" class=\"yoast-schema-graph\">{\"@context\":\"https:\/\/schema.org\",\"@graph\":[{\"@type\":\"WebPage\",\"@id\":\"https:\/\/solvallacamping.hornstaging.no\/fasiliteter\/kiosk\/\",\"url\":\"https:\/\/solvallacamping.hornstaging.no\/fasiliteter\/kiosk\/\",\"name\":\"Kiosk p\u00e5 Solvalla Camping\",\"isPartOf\":{\"@id\":\"https:\/\/solvallacamping.hornstaging.no\/#website\"},\"primaryImageOfPage\":{\"@id\":\"https:\/\/solvallacamping.hornstaging.no\/fasiliteter\/kiosk\/#primaryimage\"},\"image\":{\"@id\":\"https:\/\/solvallacamping.hornstaging.no\/fasiliteter\/kiosk\/#primaryimage\"},\"thumbnailUrl\":\"https:\/\/solvallacamping.hornstaging.no\/wp-content\/uploads\/2026\/02\/Gemini_Generated_Image_lj33t1lj33t1lj33.jpg\",\"datePublished\":\"2026-02-10T14:55:43+00:00\",\"dateModified\":\"2026-02-17T08:30:01+00:00\",\"description\":\"Bes\u00f8k kiosken p\u00e5 Solvalla Camping for ferske rundstykker, is, drikke og n\u00f8dvendigheter. Alt du trenger for en enkel og hyggelig ferie.\",\"breadcrumb\":{\"@id\":\"https:\/\/solvallacamping.hornstaging.no\/fasiliteter\/kiosk\/#breadcrumb\"},\"inLanguage\":\"es\",\"potentialAction\":[{\"@type\":\"ReadAction\",\"target\":[\"https:\/\/solvallacamping.hornstaging.no\/fasiliteter\/kiosk\/\"]}]},{\"@type\":\"ImageObject\",\"inLanguage\":\"es\",\"@id\":\"https:\/\/solvallacamping.hornstaging.no\/fasiliteter\/kiosk\/#primaryimage\",\"url\":\"https:\/\/solvallacamping.hornstaging.no\/wp-content\/uploads\/2026\/02\/Gemini_Generated_Image_lj33t1lj33t1lj33.jpg\",\"contentUrl\":\"https:\/\/solvallacamping.hornstaging.no\/wp-content\/uploads\/2026\/02\/Gemini_Generated_Image_lj33t1lj33t1lj33.jpg\",\"width\":1746,\"height\":975},{\"@type\":\"BreadcrumbList\",\"@id\":\"https:\/\/solvallacamping.hornstaging.no\/fasiliteter\/kiosk\/#breadcrumb\",\"itemListElement\":[{\"@type\":\"ListItem\",\"position\":1,\"name\":\"Hjem\",\"item\":\"https:\/\/solvallacamping.hornstaging.no\/\"},{\"@type\":\"ListItem\",\"position\":2,\"name\":\"Fasiliteter\",\"item\":\"https:\/\/solvallacamping.hornstaging.no\/fasiliteter\/\"},{\"@type\":\"ListItem\",\"position\":3,\"name\":\"Kiosk\"}]},{\"@type\":\"WebSite\",\"@id\":\"https:\/\/solvallacamping.hornstaging.no\/#website\",\"url\":\"https:\/\/solvallacamping.hornstaging.no\/\",\"name\":\"Solvalla Camping\",\"description\":\"Glamping og hytter ved sj\u00f8en\",\"publisher\":{\"@id\":\"https:\/\/solvallacamping.hornstaging.no\/#organization\"},\"potentialAction\":[{\"@type\":\"SearchAction\",\"target\":{\"@type\":\"EntryPoint\",\"urlTemplate\":\"https:\/\/solvallacamping.hornstaging.no\/?s={search_term_string}\"},\"query-input\":{\"@type\":\"PropertyValueSpecification\",\"valueRequired\":true,\"valueName\":\"search_term_string\"}}],\"inLanguage\":\"es\"},{\"@type\":\"Organization\",\"@id\":\"https:\/\/solvallacamping.hornstaging.no\/#organization\",\"name\":\"Solvalla Camping\",\"url\":\"https:\/\/solvallacamping.hornstaging.no\/\",\"logo\":{\"@type\":\"ImageObject\",\"inLanguage\":\"es\",\"@id\":\"https:\/\/solvallacamping.hornstaging.no\/#\/schema\/logo\/image\/\",\"url\":\"https:\/\/solvallacamping.hornstaging.no\/wp-content\/uploads\/2026\/02\/logo-solvallacamping-lys.png\",\"contentUrl\":\"https:\/\/solvallacamping.hornstaging.no\/wp-content\/uploads\/2026\/02\/logo-solvallacamping-lys.png\",\"width\":557,\"height\":196,\"caption\":\"Solvalla Camping\"},\"image\":{\"@id\":\"https:\/\/solvallacamping.hornstaging.no\/#\/schema\/logo\/image\/\"}}]}<\/script>\n<!-- \/ Yoast SEO plugin. -->","yoast_head_json":{"title":"Quiosco del camping Solvalla","description":"Visite el quiosco del Camping Solvalla para comprar panecillos frescos, helados, bebidas y art\u00edculos de primera necesidad. Todo lo que necesita para unas vacaciones f\u00e1ciles y agradables.","robots":{"index":"noindex","follow":"follow","max-snippet":"max-snippet:-1","max-image-preview":"max-image-preview:large","max-video-preview":"max-video-preview:-1"},"og_locale":"es_ES","og_type":"article","og_title":"Kiosk p\u00e5 Solvalla Camping","og_description":"Bes\u00f8k kiosken p\u00e5 Solvalla Camping for ferske rundstykker, is, drikke og n\u00f8dvendigheter. Alt du trenger for en enkel og hyggelig ferie.","og_url":"https:\/\/solvallacamping.hornstaging.no\/es\/instalaciones\/quiosco\/","og_site_name":"Solvalla Camping","article_modified_time":"2026-02-17T08:30:01+00:00","og_image":[{"width":1746,"height":975,"url":"https:\/\/solvallacamping.hornstaging.no\/wp-content\/uploads\/2026\/02\/Gemini_Generated_Image_lj33t1lj33t1lj33.jpg","type":"image\/jpeg"}],"twitter_card":"summary_large_image","twitter_misc":{"Tiempo de lectura":"2 minutos"},"schema":{"@context":"https:\/\/schema.org","@graph":[{"@type":"WebPage","@id":"https:\/\/solvallacamping.hornstaging.no\/fasiliteter\/kiosk\/","url":"https:\/\/solvallacamping.hornstaging.no\/fasiliteter\/kiosk\/","name":"Quiosco del camping Solvalla","isPartOf":{"@id":"https:\/\/solvallacamping.hornstaging.no\/#website"},"primaryImageOfPage":{"@id":"https:\/\/solvallacamping.hornstaging.no\/fasiliteter\/kiosk\/#primaryimage"},"image":{"@id":"https:\/\/solvallacamping.hornstaging.no\/fasiliteter\/kiosk\/#primaryimage"},"thumbnailUrl":"https:\/\/solvallacamping.hornstaging.no\/wp-content\/uploads\/2026\/02\/Gemini_Generated_Image_lj33t1lj33t1lj33.jpg","datePublished":"2026-02-10T14:55:43+00:00","dateModified":"2026-02-17T08:30:01+00:00","description":"Visite el quiosco del Camping Solvalla para comprar panecillos frescos, helados, bebidas y art\u00edculos de primera necesidad. Todo lo que necesita para unas vacaciones f\u00e1ciles y agradables.","breadcrumb":{"@id":"https:\/\/solvallacamping.hornstaging.no\/fasiliteter\/kiosk\/#breadcrumb"},"inLanguage":"es","potentialAction":[{"@type":"ReadAction","target":["https:\/\/solvallacamping.hornstaging.no\/fasiliteter\/kiosk\/"]}]},{"@type":"ImageObject","inLanguage":"es","@id":"https:\/\/solvallacamping.hornstaging.no\/fasiliteter\/kiosk\/#primaryimage","url":"https:\/\/solvallacamping.hornstaging.no\/wp-content\/uploads\/2026\/02\/Gemini_Generated_Image_lj33t1lj33t1lj33.jpg","contentUrl":"https:\/\/solvallacamping.hornstaging.no\/wp-content\/uploads\/2026\/02\/Gemini_Generated_Image_lj33t1lj33t1lj33.jpg","width":1746,"height":975},{"@type":"BreadcrumbList","@id":"https:\/\/solvallacamping.hornstaging.no\/fasiliteter\/kiosk\/#breadcrumb","itemListElement":[{"@type":"ListItem","position":1,"name":"Hjem","item":"https:\/\/solvallacamping.hornstaging.no\/"},{"@type":"ListItem","position":2,"name":"Fasiliteter","item":"https:\/\/solvallacamping.hornstaging.no\/fasiliteter\/"},{"@type":"ListItem","position":3,"name":"Kiosk"}]},{"@type":"WebSite","@id":"https:\/\/solvallacamping.hornstaging.no\/#website","url":"https:\/\/solvallacamping.hornstaging.no\/","name":"Camping Solvalla","description":"Glamping y caba\u00f1as junto al mar","publisher":{"@id":"https:\/\/solvallacamping.hornstaging.no\/#organization"},"potentialAction":[{"@type":"SearchAction","target":{"@type":"EntryPoint","urlTemplate":"https:\/\/solvallacamping.hornstaging.no\/?s={search_term_string}"},"query-input":{"@type":"PropertyValueSpecification","valueRequired":true,"valueName":"search_term_string"}}],"inLanguage":"es"},{"@type":"Organization","@id":"https:\/\/solvallacamping.hornstaging.no\/#organization","name":"Camping Solvalla","url":"https:\/\/solvallacamping.hornstaging.no\/","logo":{"@type":"ImageObject","inLanguage":"es","@id":"https:\/\/solvallacamping.hornstaging.no\/#\/schema\/logo\/image\/","url":"https:\/\/solvallacamping.hornstaging.no\/wp-content\/uploads\/2026\/02\/logo-solvallacamping-lys.png","contentUrl":"https:\/\/solvallacamping.hornstaging.no\/wp-content\/uploads\/2026\/02\/logo-solvallacamping-lys.png","width":557,"height":196,"caption":"Solvalla Camping"},"image":{"@id":"https:\/\/solvallacamping.hornstaging.no\/#\/schema\/logo\/image\/"}}]}},"_links":{"self":[{"href":"https:\/\/solvallacamping.hornstaging.no\/es\/wp-json\/wp\/v2\/pages\/778","targetHints":{"allow":["GET"]}}],"collection":[{"href":"https:\/\/solvallacamping.hornstaging.no\/es\/wp-json\/wp\/v2\/pages"}],"about":[{"href":"https:\/\/solvallacamping.hornstaging.no\/es\/wp-json\/wp\/v2\/types\/page"}],"author":[{"embeddable":true,"href":"https:\/\/solvallacamping.hornstaging.no\/es\/wp-json\/wp\/v2\/users\/1"}],"replies":[{"embeddable":true,"href":"https:\/\/solvallacamping.hornstaging.no\/es\/wp-json\/wp\/v2\/comments?post=778"}],"version-history":[{"count":14,"href":"https:\/\/solvallacamping.hornstaging.no\/es\/wp-json\/wp\/v2\/pages\/778\/revisions"}],"predecessor-version":[{"id":1687,"href":"https:\/\/solvallacamping.hornstaging.no\/es\/wp-json\/wp\/v2\/pages\/778\/revisions\/1687"}],"up":[{"embeddable":true,"href":"https:\/\/solvallacamping.hornstaging.no\/es\/wp-json\/wp\/v2\/pages\/342"}],"wp:featuredmedia":[{"embeddable":true,"href":"https:\/\/solvallacamping.hornstaging.no\/es\/wp-json\/wp\/v2\/media\/824"}],"wp:attachment":[{"href":"https:\/\/solvallacamping.hornstaging.no\/es\/wp-json\/wp\/v2\/media?parent=778"}],"curies":[{"name":"wp","href":"https:\/\/api.w.org\/{rel}","templated":true}]}}