{"id":343,"date":"2026-02-10T10:38:38","date_gmt":"2026-02-10T09:38:38","guid":{"rendered":"https:\/\/solvallacamping.hornstaging.no\/?page_id=343"},"modified":"2026-02-17T09:27:20","modified_gmt":"2026-02-17T08:27:20","slug":"horarios-de-apertura","status":"publish","type":"page","link":"https:\/\/solvallacamping.hornstaging.no\/es\/horarios-de-apertura\/","title":{"rendered":"Horarios de apertura"},"content":{"rendered":"\t\t<div data-elementor-type=\"wp-page\" data-elementor-id=\"343\" class=\"elementor elementor-343\" data-elementor-post-type=\"page\">\n\t\t\t\t<div class=\"elementor-element elementor-element-f95ad5d e-con-full e-flex e-con e-parent\" data-id=\"f95ad5d\" data-element_type=\"container\" data-e-type=\"container\">\n\t\t<div class=\"elementor-element elementor-element-8d8295f e-flex e-con-boxed e-con e-child\" data-id=\"8d8295f\" data-element_type=\"container\" data-e-type=\"container\" data-settings=\"{&quot;background_background&quot;:&quot;classic&quot;,&quot;background_motion_fx_motion_fx_scrolling&quot;:&quot;yes&quot;,&quot;background_motion_fx_devices&quot;:[&quot;desktop&quot;,&quot;tablet&quot;,&quot;mobile&quot;]}\">\n\t\t\t\t\t<div class=\"e-con-inner\">\n\t\t<div class=\"elementor-element elementor-element-e516fb3 e-con-full e-flex e-con e-child\" data-id=\"e516fb3\" data-element_type=\"container\" data-e-type=\"container\">\n\t\t<div class=\"elementor-element elementor-element-d02672a e-con-full e-flex elementor-invisible e-con e-child\" data-id=\"d02672a\" data-element_type=\"container\" data-e-type=\"container\" data-settings=\"{&quot;animation&quot;:&quot;fadeIn&quot;}\">\n\t\t\t\t<div class=\"elementor-element elementor-element-8e22df3 elementor-widget elementor-widget-heading\" data-id=\"8e22df3\" data-element_type=\"widget\" data-e-type=\"widget\" data-widget_type=\"heading.default\">\n\t\t\t\t\t<h1 class=\"elementor-heading-title elementor-size-default\">\u00c5pningstider<\/h1>\t\t\t\t<\/div>\n\t\t\t\t<div class=\"elementor-element elementor-element-559f0d1 elementor-widget elementor-widget-text-editor\" data-id=\"559f0d1\" data-element_type=\"widget\" data-e-type=\"widget\" data-widget_type=\"text-editor.default\">\n\t\t\t\t\t\t\t\t\t<p>Velkommen til en oversikt over v\u00e5re \u00e5pningstider. Vi \u00f8nsker at du skal f\u00e5 mest mulig ut av ferien din, og her finner du informasjonen du trenger for \u00e5 planlegge dagen.<\/p>\t\t\t\t\t\t\t\t<\/div>\n\t\t<div class=\"elementor-element elementor-element-2310fcc e-con-full e-flex e-con e-child\" data-id=\"2310fcc\" data-element_type=\"container\" data-e-type=\"container\">\n\t\t\t\t<div class=\"elementor-element elementor-element-0263bda elementor-align-right elementor-mobile-align-justify elementor-widget elementor-widget-button\" data-id=\"0263bda\" data-element_type=\"widget\" data-e-type=\"widget\" data-widget_type=\"button.default\">\n\t\t\t\t\t\t\t\t\t\t<a class=\"elementor-button elementor-button-link elementor-size-sm\" href=\"https:\/\/solvallacamping.hornstaging.no\/sok-sesongplass\/\">\n\t\t\t\t\t\t<span class=\"elementor-button-content-wrapper\">\n\t\t\t\t\t\t<span class=\"elementor-button-icon\">\n\t\t\t\t<svg aria-hidden=\"true\" class=\"e-font-icon-svg e-fas-arrow-alt-circle-right\" viewBox=\"0 0 512 512\" xmlns=\"http:\/\/www.w3.org\/2000\/svg\"><path d=\"M256 8c137 0 248 111 248 248S393 504 256 504 8 393 8 256 119 8 256 8zM140 300h116v70.9c0 10.7 13 16.1 20.5 8.5l114.3-114.9c4.7-4.7 4.7-12.2 0-16.9l-114.3-115c-7.6-7.6-20.5-2.2-20.5 8.5V212H140c-6.6 0-12 5.4-12 12v64c0 6.6 5.4 12 12 12z\"><\/path><\/svg>\t\t\t<\/span>\n\t\t\t\t\t\t\t\t\t<span class=\"elementor-button-text\">S\u00f8k om plass<\/span>\n\t\t\t\t\t<\/span>\n\t\t\t\t\t<\/a>\n\t\t\t\t\t\t\t\t<\/div>\n\t\t\t\t<div class=\"elementor-element elementor-element-26c36f8 elementor-align-right elementor-mobile-align-justify elementor-widget elementor-widget-button\" data-id=\"26c36f8\" data-element_type=\"widget\" data-e-type=\"widget\" data-widget_type=\"button.default\">\n\t\t\t\t\t\t\t\t\t\t<a class=\"elementor-button elementor-button-link elementor-size-sm\" href=\"\/bestill\/\">\n\t\t\t\t\t\t<span class=\"elementor-button-content-wrapper\">\n\t\t\t\t\t\t<span class=\"elementor-button-icon\">\n\t\t\t\t<svg aria-hidden=\"true\" class=\"e-font-icon-svg e-fas-arrow-alt-circle-right\" viewBox=\"0 0 512 512\" xmlns=\"http:\/\/www.w3.org\/2000\/svg\"><path d=\"M256 8c137 0 248 111 248 248S393 504 256 504 8 393 8 256 119 8 256 8zM140 300h116v70.9c0 10.7 13 16.1 20.5 8.5l114.3-114.9c4.7-4.7 4.7-12.2 0-16.9l-114.3-115c-7.6-7.6-20.5-2.2-20.5 8.5V212H140c-6.6 0-12 5.4-12 12v64c0 6.6 5.4 12 12 12z\"><\/path><\/svg>\t\t\t<\/span>\n\t\t\t\t\t\t\t\t\t<span class=\"elementor-button-text\">Book overnatting<\/span>\n\t\t\t\t\t<\/span>\n\t\t\t\t\t<\/a>\n\t\t\t\t\t\t\t\t<\/div>\n\t\t\t\t<\/div>\n\t\t\t\t<\/div>\n\t\t\t\t<\/div>\n\t\t\t\t\t<\/div>\n\t\t\t\t<\/div>\n\t\t\t\t<\/div>\n\t\t<div class=\"elementor-element elementor-element-799b3f5 e-flex e-con-boxed e-con e-parent\" data-id=\"799b3f5\" data-element_type=\"container\" data-e-type=\"container\">\n\t\t\t\t\t<div class=\"e-con-inner\">\n\t\t<div class=\"elementor-element elementor-element-7218dcd e-grid e-con-full e-con e-child\" data-id=\"7218dcd\" data-element_type=\"container\" data-e-type=\"container\">\n\t\t<div class=\"elementor-element elementor-element-e65f8d7 e-con-full e-flex e-con e-child\" data-id=\"e65f8d7\" data-element_type=\"container\" data-e-type=\"container\">\n\t\t<div class=\"elementor-element elementor-element-7a17840 e-con-full e-flex elementor-invisible e-con e-child\" data-id=\"7a17840\" data-element_type=\"container\" data-e-type=\"container\" data-settings=\"{&quot;animation&quot;:&quot;fadeIn&quot;}\">\n\t\t\t\t<div class=\"elementor-element elementor-element-a972ada elementor-widget elementor-widget-heading\" data-id=\"a972ada\" data-element_type=\"widget\" data-e-type=\"widget\" data-widget_type=\"heading.default\">\n\t\t\t\t\t<h2 class=\"elementor-heading-title elementor-size-default\">\u00c5pningstider: N\u00e5r skjer det p\u00e5 Solvalla?<\/h2>\t\t\t\t<\/div>\n\t\t\t\t<div class=\"elementor-element elementor-element-810714a elementor-widget elementor-widget-text-editor\" data-id=\"810714a\" data-element_type=\"widget\" data-e-type=\"widget\" data-widget_type=\"text-editor.default\">\n\t\t\t\t\t\t\t\t\t<p data-path-to-node=\"5\">Vi tilpasser v\u00e5re \u00e5pningstider etter sesongen for \u00e5 sikre at du alltid f\u00e5r den beste servicen n\u00e5r det er flest gjester p\u00e5 plassen. I sommerhalv\u00e5ret holder vi d\u00f8rene \u00e5pne fra tidlig morgen til sen kveld, slik at du kan hente ferske rundstykker til frokost eller nyte en sen middag i vannkanten uten \u00e5 stresse med tiden. V\u00e5rt m\u00e5l er \u00e5 v\u00e6re tilgjengelige n\u00e5r du trenger oss mest, og vi strekker oss langt for \u00e5 yte det lille ekstra.<\/p><p data-path-to-node=\"6\">V\u00e6r oppmerksom p\u00e5 at tidene kan variere noe i skuldersesongene v\u00e5re, spesielt i mai og september. Vi anbefaler derfor \u00e5 ta en titt p\u00e5 denne oversikten eller sjekke oppslagene ved resepsjonen n\u00e5r du ankommer for de helt n\u00f8yaktige klokkeslettene under ditt opphold. Uansett n\u00e5r du bes\u00f8ker oss, s\u00f8rger vi for at de viktigste fasilitetene er operative, slik at du kan fokusere p\u00e5 det viktigste: \u00e5 slappe av og nyte kystnaturen.<\/p>\t\t\t\t\t\t\t\t<\/div>\n\t\t<div class=\"elementor-element elementor-element-340b4dc e-con-full e-flex elementor-invisible e-con e-child\" data-id=\"340b4dc\" data-element_type=\"container\" data-e-type=\"container\" data-settings=\"{&quot;background_background&quot;:&quot;classic&quot;,&quot;animation&quot;:&quot;fadeInUp&quot;,&quot;animation_delay&quot;:400}\">\n\t\t\t\t<div class=\"elementor-element elementor-element-832d86e elementor-widget elementor-widget-heading\" data-id=\"832d86e\" data-element_type=\"widget\" data-e-type=\"widget\" data-widget_type=\"heading.default\">\n\t\t\t\t\t<h3 class=\"elementor-heading-title elementor-size-default\">\u00c5pningstider<\/h3>\t\t\t\t<\/div>\n\t\t\t\t<div class=\"elementor-element elementor-element-4adc63f elementor-widget elementor-widget-text-editor\" data-id=\"4adc63f\" data-element_type=\"widget\" data-e-type=\"widget\" data-widget_type=\"text-editor.default\">\n\t\t\t\t\t\t\t\t\t<p><strong>Resepsjon:\u00a0<\/strong>08:00 &#8211; 22:00<br \/><strong>Kiosken:\u00a0<\/strong>08:00 &#8211; 21:00<br \/><strong>Restauranten:\u00a0<\/strong>12:00 &#8211; 23:00<\/p>\t\t\t\t\t\t\t\t<\/div>\n\t\t\t\t<\/div>\n\t\t\t\t<\/div>\n\t\t\t\t<\/div>\n\t\t<div class=\"elementor-element elementor-element-1dc56ca e-con-full e-flex e-con e-child\" data-id=\"1dc56ca\" data-element_type=\"container\" data-e-type=\"container\">\n\t\t\t\t<div class=\"elementor-element elementor-element-15ffbb7 elementor-widget elementor-widget-image\" data-id=\"15ffbb7\" data-element_type=\"widget\" data-e-type=\"widget\" data-widget_type=\"image.default\">\n\t\t\t\t\t\t\t\t\t\t\t\t\t\t\t<img fetchpriority=\"high\" decoding=\"async\" width=\"2560\" height=\"1912\" src=\"https:\/\/solvallacamping.hornstaging.no\/wp-content\/uploads\/2026\/02\/Gemini_Generated_Image_g56at5g56at5g56a-scaled.jpg\" class=\"attachment-full size-full wp-image-457\" alt=\"\" srcset=\"https:\/\/solvallacamping.hornstaging.no\/wp-content\/uploads\/2026\/02\/Gemini_Generated_Image_g56at5g56at5g56a-scaled.jpg 2560w, https:\/\/solvallacamping.hornstaging.no\/wp-content\/uploads\/2026\/02\/Gemini_Generated_Image_g56at5g56at5g56a-300x224.jpg 300w, https:\/\/solvallacamping.hornstaging.no\/wp-content\/uploads\/2026\/02\/Gemini_Generated_Image_g56at5g56at5g56a-1024x765.jpg 1024w, https:\/\/solvallacamping.hornstaging.no\/wp-content\/uploads\/2026\/02\/Gemini_Generated_Image_g56at5g56at5g56a-768x573.jpg 768w, https:\/\/solvallacamping.hornstaging.no\/wp-content\/uploads\/2026\/02\/Gemini_Generated_Image_g56at5g56at5g56a-1536x1147.jpg 1536w, https:\/\/solvallacamping.hornstaging.no\/wp-content\/uploads\/2026\/02\/Gemini_Generated_Image_g56at5g56at5g56a-2048x1529.jpg 2048w, https:\/\/solvallacamping.hornstaging.no\/wp-content\/uploads\/2026\/02\/Gemini_Generated_Image_g56at5g56at5g56a-16x12.jpg 16w\" sizes=\"(max-width: 2560px) 100vw, 2560px\" \/>\t\t\t\t\t\t\t\t\t\t\t\t\t\t\t<\/div>\n\t\t\t\t<\/div>\n\t\t\t\t<\/div>\n\t\t\t\t\t<\/div>\n\t\t\t\t<\/div>\n\t\t\t\t<\/div>\n\t\t","protected":false},"excerpt":{"rendered":"<p>\u00c5pningstider Velkommen til en oversikt over v\u00e5re \u00e5pningstider. Vi \u00f8nsker at du skal f\u00e5 mest mulig ut av ferien din, [&hellip;]<\/p>\n","protected":false},"author":1,"featured_media":1025,"parent":0,"menu_order":0,"comment_status":"closed","ping_status":"closed","template":"","meta":{"_acf_changed":false,"site-sidebar-layout":"no-sidebar","site-content-layout":"","ast-site-content-layout":"full-width-container","site-content-style":"default","site-sidebar-style":"default","ast-global-header-display":"","ast-banner-title-visibility":"","ast-main-header-display":"","ast-hfb-above-header-display":"","ast-hfb-below-header-display":"","ast-hfb-mobile-header-display":"","site-post-title":"disabled","ast-breadcrumbs-content":"","ast-featured-img":"disabled","footer-sml-layout":"","ast-disable-related-posts":"","theme-transparent-header-meta":"","adv-header-id-meta":"","stick-header-meta":"","header-above-stick-meta":"","header-main-stick-meta":"","header-below-stick-meta":"","astra-migrate-meta-layouts":"default","ast-page-background-enabled":"default","ast-page-background-meta":{"desktop":{"background-color":"var(--ast-global-color-5)","background-image":"","background-repeat":"repeat","background-position":"center center","background-size":"auto","background-attachment":"scroll","background-type":"","background-media":"","overlay-type":"","overlay-color":"","overlay-opacity":"","overlay-gradient":""},"tablet":{"background-color":"","background-image":"","background-repeat":"repeat","background-position":"center center","background-size":"auto","background-attachment":"scroll","background-type":"","background-media":"","overlay-type":"","overlay-color":"","overlay-opacity":"","overlay-gradient":""},"mobile":{"background-color":"","background-image":"","background-repeat":"repeat","background-position":"center center","background-size":"auto","background-attachment":"scroll","background-type":"","background-media":"","overlay-type":"","overlay-color":"","overlay-opacity":"","overlay-gradient":""}},"ast-content-background-meta":{"desktop":{"background-color":"var(--ast-global-color-4)","background-image":"","background-repeat":"repeat","background-position":"center center","background-size":"auto","background-attachment":"scroll","background-type":"","background-media":"","overlay-type":"","overlay-color":"","overlay-opacity":"","overlay-gradient":""},"tablet":{"background-color":"var(--ast-global-color-4)","background-image":"","background-repeat":"repeat","background-position":"center center","background-size":"auto","background-attachment":"scroll","background-type":"","background-media":"","overlay-type":"","overlay-color":"","overlay-opacity":"","overlay-gradient":""},"mobile":{"background-color":"var(--ast-global-color-4)","background-image":"","background-repeat":"repeat","background-position":"center center","background-size":"auto","background-attachment":"scroll","background-type":"","background-media":"","overlay-type":"","overlay-color":"","overlay-opacity":"","overlay-gradient":""}},"footnotes":""},"class_list":["post-343","page","type-page","status-publish","has-post-thumbnail","hentry"],"acf":[],"yoast_head":"<!-- This site is optimized with the Yoast SEO plugin v26.9 - https:\/\/yoast.com\/product\/yoast-seo-wordpress\/ -->\n<title>\u00c5pningstider hos Solvalla Camping<\/title>\n<meta name=\"description\" content=\"Se \u00e5pningstider for resepsjon, kiosk og restaurant p\u00e5 Solvalla Camping. Planlegg oppholdet og f\u00e5 mest mulig ut av ferien.\" \/>\n<meta name=\"robots\" content=\"noindex, follow, max-snippet:-1, max-image-preview:large, max-video-preview:-1\" \/>\n<meta property=\"og:locale\" content=\"es_ES\" \/>\n<meta property=\"og:type\" content=\"article\" \/>\n<meta property=\"og:title\" content=\"\u00c5pningstider hos Solvalla Camping\" \/>\n<meta property=\"og:description\" content=\"Se \u00e5pningstider for resepsjon, kiosk og restaurant p\u00e5 Solvalla Camping. Planlegg oppholdet og f\u00e5 mest mulig ut av ferien.\" \/>\n<meta property=\"og:url\" content=\"https:\/\/solvallacamping.hornstaging.no\/es\/horarios-de-apertura\/\" \/>\n<meta property=\"og:site_name\" content=\"Solvalla Camping\" \/>\n<meta property=\"article:modified_time\" content=\"2026-02-17T08:27:20+00:00\" \/>\n<meta property=\"og:image\" content=\"https:\/\/solvallacamping.hornstaging.no\/wp-content\/uploads\/2026\/02\/opengraph-solvalla.png\" \/>\n\t<meta property=\"og:image:width\" content=\"2048\" \/>\n\t<meta property=\"og:image:height\" content=\"1230\" \/>\n\t<meta property=\"og:image:type\" content=\"image\/png\" \/>\n<meta name=\"twitter:card\" content=\"summary_large_image\" \/>\n<meta name=\"twitter:label1\" content=\"Tiempo de lectura\" \/>\n\t<meta name=\"twitter:data1\" content=\"2 minutos\" \/>\n<script type=\"application\/ld+json\" class=\"yoast-schema-graph\">{\"@context\":\"https:\/\/schema.org\",\"@graph\":[{\"@type\":\"WebPage\",\"@id\":\"https:\/\/solvallacamping.hornstaging.no\/apningstider\/\",\"url\":\"https:\/\/solvallacamping.hornstaging.no\/apningstider\/\",\"name\":\"\u00c5pningstider hos Solvalla Camping\",\"isPartOf\":{\"@id\":\"https:\/\/solvallacamping.hornstaging.no\/#website\"},\"primaryImageOfPage\":{\"@id\":\"https:\/\/solvallacamping.hornstaging.no\/apningstider\/#primaryimage\"},\"image\":{\"@id\":\"https:\/\/solvallacamping.hornstaging.no\/apningstider\/#primaryimage\"},\"thumbnailUrl\":\"https:\/\/solvallacamping.hornstaging.no\/wp-content\/uploads\/2026\/02\/opengraph-solvalla.png\",\"datePublished\":\"2026-02-10T09:38:38+00:00\",\"dateModified\":\"2026-02-17T08:27:20+00:00\",\"description\":\"Se \u00e5pningstider for resepsjon, kiosk og restaurant p\u00e5 Solvalla Camping. Planlegg oppholdet og f\u00e5 mest mulig ut av ferien.\",\"breadcrumb\":{\"@id\":\"https:\/\/solvallacamping.hornstaging.no\/apningstider\/#breadcrumb\"},\"inLanguage\":\"es\",\"potentialAction\":[{\"@type\":\"ReadAction\",\"target\":[\"https:\/\/solvallacamping.hornstaging.no\/apningstider\/\"]}]},{\"@type\":\"ImageObject\",\"inLanguage\":\"es\",\"@id\":\"https:\/\/solvallacamping.hornstaging.no\/apningstider\/#primaryimage\",\"url\":\"https:\/\/solvallacamping.hornstaging.no\/wp-content\/uploads\/2026\/02\/opengraph-solvalla.png\",\"contentUrl\":\"https:\/\/solvallacamping.hornstaging.no\/wp-content\/uploads\/2026\/02\/opengraph-solvalla.png\",\"width\":2048,\"height\":1230},{\"@type\":\"BreadcrumbList\",\"@id\":\"https:\/\/solvallacamping.hornstaging.no\/apningstider\/#breadcrumb\",\"itemListElement\":[{\"@type\":\"ListItem\",\"position\":1,\"name\":\"Hjem\",\"item\":\"https:\/\/solvallacamping.hornstaging.no\/\"},{\"@type\":\"ListItem\",\"position\":2,\"name\":\"\u00c5pningstider\"}]},{\"@type\":\"WebSite\",\"@id\":\"https:\/\/solvallacamping.hornstaging.no\/#website\",\"url\":\"https:\/\/solvallacamping.hornstaging.no\/\",\"name\":\"Solvalla Camping\",\"description\":\"Glamping og hytter ved sj\u00f8en\",\"publisher\":{\"@id\":\"https:\/\/solvallacamping.hornstaging.no\/#organization\"},\"potentialAction\":[{\"@type\":\"SearchAction\",\"target\":{\"@type\":\"EntryPoint\",\"urlTemplate\":\"https:\/\/solvallacamping.hornstaging.no\/?s={search_term_string}\"},\"query-input\":{\"@type\":\"PropertyValueSpecification\",\"valueRequired\":true,\"valueName\":\"search_term_string\"}}],\"inLanguage\":\"es\"},{\"@type\":\"Organization\",\"@id\":\"https:\/\/solvallacamping.hornstaging.no\/#organization\",\"name\":\"Solvalla Camping\",\"url\":\"https:\/\/solvallacamping.hornstaging.no\/\",\"logo\":{\"@type\":\"ImageObject\",\"inLanguage\":\"es\",\"@id\":\"https:\/\/solvallacamping.hornstaging.no\/#\/schema\/logo\/image\/\",\"url\":\"https:\/\/solvallacamping.hornstaging.no\/wp-content\/uploads\/2026\/02\/logo-solvallacamping-lys.png\",\"contentUrl\":\"https:\/\/solvallacamping.hornstaging.no\/wp-content\/uploads\/2026\/02\/logo-solvallacamping-lys.png\",\"width\":557,\"height\":196,\"caption\":\"Solvalla Camping\"},\"image\":{\"@id\":\"https:\/\/solvallacamping.hornstaging.no\/#\/schema\/logo\/image\/\"}}]}<\/script>\n<!-- \/ Yoast SEO plugin. -->","yoast_head_json":{"title":"Horarios de Solvalla Camping","description":"Consulta los horarios de recepci\u00f3n, kiosco y restaurante en Solvalla Camping y planifica tu estancia sin contratiempos.","robots":{"index":"noindex","follow":"follow","max-snippet":"max-snippet:-1","max-image-preview":"max-image-preview:large","max-video-preview":"max-video-preview:-1"},"og_locale":"es_ES","og_type":"article","og_title":"\u00c5pningstider hos Solvalla Camping","og_description":"Se \u00e5pningstider for resepsjon, kiosk og restaurant p\u00e5 Solvalla Camping. Planlegg oppholdet og f\u00e5 mest mulig ut av ferien.","og_url":"https:\/\/solvallacamping.hornstaging.no\/es\/horarios-de-apertura\/","og_site_name":"Solvalla Camping","article_modified_time":"2026-02-17T08:27:20+00:00","og_image":[{"width":2048,"height":1230,"url":"https:\/\/solvallacamping.hornstaging.no\/wp-content\/uploads\/2026\/02\/opengraph-solvalla.png","type":"image\/png"}],"twitter_card":"summary_large_image","twitter_misc":{"Tiempo de lectura":"2 minutos"},"schema":{"@context":"https:\/\/schema.org","@graph":[{"@type":"WebPage","@id":"https:\/\/solvallacamping.hornstaging.no\/apningstider\/","url":"https:\/\/solvallacamping.hornstaging.no\/apningstider\/","name":"Horarios de Solvalla Camping","isPartOf":{"@id":"https:\/\/solvallacamping.hornstaging.no\/#website"},"primaryImageOfPage":{"@id":"https:\/\/solvallacamping.hornstaging.no\/apningstider\/#primaryimage"},"image":{"@id":"https:\/\/solvallacamping.hornstaging.no\/apningstider\/#primaryimage"},"thumbnailUrl":"https:\/\/solvallacamping.hornstaging.no\/wp-content\/uploads\/2026\/02\/opengraph-solvalla.png","datePublished":"2026-02-10T09:38:38+00:00","dateModified":"2026-02-17T08:27:20+00:00","description":"Consulta los horarios de recepci\u00f3n, kiosco y restaurante en Solvalla Camping y planifica tu estancia sin contratiempos.","breadcrumb":{"@id":"https:\/\/solvallacamping.hornstaging.no\/apningstider\/#breadcrumb"},"inLanguage":"es","potentialAction":[{"@type":"ReadAction","target":["https:\/\/solvallacamping.hornstaging.no\/apningstider\/"]}]},{"@type":"ImageObject","inLanguage":"es","@id":"https:\/\/solvallacamping.hornstaging.no\/apningstider\/#primaryimage","url":"https:\/\/solvallacamping.hornstaging.no\/wp-content\/uploads\/2026\/02\/opengraph-solvalla.png","contentUrl":"https:\/\/solvallacamping.hornstaging.no\/wp-content\/uploads\/2026\/02\/opengraph-solvalla.png","width":2048,"height":1230},{"@type":"BreadcrumbList","@id":"https:\/\/solvallacamping.hornstaging.no\/apningstider\/#breadcrumb","itemListElement":[{"@type":"ListItem","position":1,"name":"Hjem","item":"https:\/\/solvallacamping.hornstaging.no\/"},{"@type":"ListItem","position":2,"name":"\u00c5pningstider"}]},{"@type":"WebSite","@id":"https:\/\/solvallacamping.hornstaging.no\/#website","url":"https:\/\/solvallacamping.hornstaging.no\/","name":"Camping Solvalla","description":"Glamping y caba\u00f1as junto al mar","publisher":{"@id":"https:\/\/solvallacamping.hornstaging.no\/#organization"},"potentialAction":[{"@type":"SearchAction","target":{"@type":"EntryPoint","urlTemplate":"https:\/\/solvallacamping.hornstaging.no\/?s={search_term_string}"},"query-input":{"@type":"PropertyValueSpecification","valueRequired":true,"valueName":"search_term_string"}}],"inLanguage":"es"},{"@type":"Organization","@id":"https:\/\/solvallacamping.hornstaging.no\/#organization","name":"Camping Solvalla","url":"https:\/\/solvallacamping.hornstaging.no\/","logo":{"@type":"ImageObject","inLanguage":"es","@id":"https:\/\/solvallacamping.hornstaging.no\/#\/schema\/logo\/image\/","url":"https:\/\/solvallacamping.hornstaging.no\/wp-content\/uploads\/2026\/02\/logo-solvallacamping-lys.png","contentUrl":"https:\/\/solvallacamping.hornstaging.no\/wp-content\/uploads\/2026\/02\/logo-solvallacamping-lys.png","width":557,"height":196,"caption":"Solvalla Camping"},"image":{"@id":"https:\/\/solvallacamping.hornstaging.no\/#\/schema\/logo\/image\/"}}]}},"_links":{"self":[{"href":"https:\/\/solvallacamping.hornstaging.no\/es\/wp-json\/wp\/v2\/pages\/343","targetHints":{"allow":["GET"]}}],"collection":[{"href":"https:\/\/solvallacamping.hornstaging.no\/es\/wp-json\/wp\/v2\/pages"}],"about":[{"href":"https:\/\/solvallacamping.hornstaging.no\/es\/wp-json\/wp\/v2\/types\/page"}],"author":[{"embeddable":true,"href":"https:\/\/solvallacamping.hornstaging.no\/es\/wp-json\/wp\/v2\/users\/1"}],"replies":[{"embeddable":true,"href":"https:\/\/solvallacamping.hornstaging.no\/es\/wp-json\/wp\/v2\/comments?post=343"}],"version-history":[{"count":10,"href":"https:\/\/solvallacamping.hornstaging.no\/es\/wp-json\/wp\/v2\/pages\/343\/revisions"}],"predecessor-version":[{"id":1681,"href":"https:\/\/solvallacamping.hornstaging.no\/es\/wp-json\/wp\/v2\/pages\/343\/revisions\/1681"}],"wp:featuredmedia":[{"embeddable":true,"href":"https:\/\/solvallacamping.hornstaging.no\/es\/wp-json\/wp\/v2\/media\/1025"}],"wp:attachment":[{"href":"https:\/\/solvallacamping.hornstaging.no\/es\/wp-json\/wp\/v2\/media?parent=343"}],"curies":[{"name":"wp","href":"https:\/\/api.w.org\/{rel}","templated":true}]}}