{"id":790,"date":"2026-02-10T15:57:14","date_gmt":"2026-02-10T14:57:14","guid":{"rendered":"https:\/\/solvallacamping.hornstaging.no\/?page_id=790"},"modified":"2026-02-17T09:36:51","modified_gmt":"2026-02-17T08:36:51","slug":"strand","status":"publish","type":"page","link":"https:\/\/solvallacamping.hornstaging.no\/de\/einrichtungen\/strand\/","title":{"rendered":"Strand"},"content":{"rendered":"\t\t<div data-elementor-type=\"wp-page\" data-elementor-id=\"790\" class=\"elementor elementor-790\" data-elementor-post-type=\"page\">\n\t\t\t\t<div class=\"elementor-element elementor-element-91e7244 e-con-full e-flex e-con e-parent\" data-id=\"91e7244\" data-element_type=\"container\" data-e-type=\"container\">\n\t\t<div class=\"elementor-element elementor-element-97d818c e-flex e-con-boxed e-con e-child\" data-id=\"97d818c\" data-element_type=\"container\" data-e-type=\"container\" data-settings=\"{&quot;background_background&quot;:&quot;classic&quot;,&quot;background_motion_fx_motion_fx_scrolling&quot;:&quot;yes&quot;,&quot;background_motion_fx_devices&quot;:[&quot;desktop&quot;,&quot;tablet&quot;,&quot;mobile&quot;]}\">\n\t\t\t\t\t<div class=\"e-con-inner\">\n\t\t<div class=\"elementor-element elementor-element-7faf792 e-con-full e-flex e-con e-child\" data-id=\"7faf792\" data-element_type=\"container\" data-e-type=\"container\">\n\t\t<div class=\"elementor-element elementor-element-3aa5315 e-con-full e-flex elementor-invisible e-con e-child\" data-id=\"3aa5315\" data-element_type=\"container\" data-e-type=\"container\" data-settings=\"{&quot;animation&quot;:&quot;fadeIn&quot;}\">\n\t\t\t\t<div class=\"elementor-element elementor-element-a8fd3b5 elementor-widget elementor-widget-heading\" data-id=\"a8fd3b5\" data-element_type=\"widget\" data-e-type=\"widget\" data-widget_type=\"heading.default\">\n\t\t\t\t\t<h1 class=\"elementor-heading-title elementor-size-default\">Strand<\/h1>\t\t\t\t<\/div>\n\t\t\t\t<div class=\"elementor-element elementor-element-138ee84 elementor-widget elementor-widget-text-editor\" data-id=\"138ee84\" data-element_type=\"widget\" data-e-type=\"widget\" data-widget_type=\"text-editor.default\">\n\t\t\t\t\t\t\t\t\tNyt late dager p\u00e5 v\u00e5r private sandstrand. Med krystallklart vann og myk sand er dette det perfekte stedet for bading, soling og lek for hele familien i trygge, naturskj\u00f8nne omgivelser.\t\t\t\t\t\t\t\t<\/div>\n\t\t<div class=\"elementor-element elementor-element-a89f117 e-con-full e-flex e-con e-child\" data-id=\"a89f117\" data-element_type=\"container\" data-e-type=\"container\">\n\t\t\t\t<div class=\"elementor-element elementor-element-ec3e5a7 elementor-align-right elementor-mobile-align-justify elementor-widget elementor-widget-button\" data-id=\"ec3e5a7\" data-element_type=\"widget\" data-e-type=\"widget\" data-widget_type=\"button.default\">\n\t\t\t\t\t\t\t\t\t\t<a class=\"elementor-button elementor-button-link elementor-size-sm\" href=\"https:\/\/solvallacamping.hornstaging.no\/sok-sesongplass\/\">\n\t\t\t\t\t\t<span class=\"elementor-button-content-wrapper\">\n\t\t\t\t\t\t<span class=\"elementor-button-icon\">\n\t\t\t\t<svg aria-hidden=\"true\" class=\"e-font-icon-svg e-fas-arrow-alt-circle-right\" viewBox=\"0 0 512 512\" xmlns=\"http:\/\/www.w3.org\/2000\/svg\"><path d=\"M256 8c137 0 248 111 248 248S393 504 256 504 8 393 8 256 119 8 256 8zM140 300h116v70.9c0 10.7 13 16.1 20.5 8.5l114.3-114.9c4.7-4.7 4.7-12.2 0-16.9l-114.3-115c-7.6-7.6-20.5-2.2-20.5 8.5V212H140c-6.6 0-12 5.4-12 12v64c0 6.6 5.4 12 12 12z\"><\/path><\/svg>\t\t\t<\/span>\n\t\t\t\t\t\t\t\t\t<span class=\"elementor-button-text\">S\u00f8k om plass<\/span>\n\t\t\t\t\t<\/span>\n\t\t\t\t\t<\/a>\n\t\t\t\t\t\t\t\t<\/div>\n\t\t\t\t<div class=\"elementor-element elementor-element-e4487c3 elementor-align-right elementor-mobile-align-justify elementor-widget elementor-widget-button\" data-id=\"e4487c3\" data-element_type=\"widget\" data-e-type=\"widget\" data-widget_type=\"button.default\">\n\t\t\t\t\t\t\t\t\t\t<a class=\"elementor-button elementor-button-link elementor-size-sm\" href=\"\/bestill\/\">\n\t\t\t\t\t\t<span class=\"elementor-button-content-wrapper\">\n\t\t\t\t\t\t<span class=\"elementor-button-icon\">\n\t\t\t\t<svg aria-hidden=\"true\" class=\"e-font-icon-svg e-fas-arrow-alt-circle-right\" viewBox=\"0 0 512 512\" xmlns=\"http:\/\/www.w3.org\/2000\/svg\"><path d=\"M256 8c137 0 248 111 248 248S393 504 256 504 8 393 8 256 119 8 256 8zM140 300h116v70.9c0 10.7 13 16.1 20.5 8.5l114.3-114.9c4.7-4.7 4.7-12.2 0-16.9l-114.3-115c-7.6-7.6-20.5-2.2-20.5 8.5V212H140c-6.6 0-12 5.4-12 12v64c0 6.6 5.4 12 12 12z\"><\/path><\/svg>\t\t\t<\/span>\n\t\t\t\t\t\t\t\t\t<span class=\"elementor-button-text\">Book overnatting<\/span>\n\t\t\t\t\t<\/span>\n\t\t\t\t\t<\/a>\n\t\t\t\t\t\t\t\t<\/div>\n\t\t\t\t<\/div>\n\t\t\t\t<\/div>\n\t\t\t\t<\/div>\n\t\t\t\t\t<\/div>\n\t\t\t\t<\/div>\n\t\t\t\t<\/div>\n\t\t<div class=\"elementor-element elementor-element-87e0e7a e-flex e-con-boxed e-con e-parent\" data-id=\"87e0e7a\" data-element_type=\"container\" data-e-type=\"container\">\n\t\t\t\t\t<div class=\"e-con-inner\">\n\t\t<div class=\"elementor-element elementor-element-23da908 e-con-full e-flex e-con e-child\" data-id=\"23da908\" data-element_type=\"container\" data-e-type=\"container\">\n\t\t<div class=\"elementor-element elementor-element-0f2d90a e-con-full e-flex e-con e-child\" data-id=\"0f2d90a\" data-element_type=\"container\" data-e-type=\"container\" data-settings=\"{&quot;background_background&quot;:&quot;classic&quot;}\">\n\t\t\t\t<div class=\"elementor-element elementor-element-a1f69a5 elementor-widget elementor-widget-text-editor\" data-id=\"a1f69a5\" data-element_type=\"widget\" data-e-type=\"widget\" data-widget_type=\"text-editor.default\">\n\t\t\t\t\t\t\t\t\t<h2 data-path-to-node=\"1\">Solvalla-stranda: En glitrende perle i vannkanten<\/h2><p data-path-to-node=\"2\">Den private sandstranda v\u00e5r er selve juvelen i Solvalla-kronen. Her kan du senke skuldrene p\u00e5 myk, gyllen sand mens b\u00f8lgene skyller rolig inn mot land. Det er det perfekte stedet for \u00e5 glemme klokka, la mobilen ligge i bagen og bare kjenne varmen fra sola mot huden. Enten du er en morgenbader som vil ha fjorden for deg selv i soloppgangen, eller foretrekker late ettermiddager med en god bok, gir stranda v\u00e5r deg den ultimate f\u00f8lelsen av frihet og ferie.<\/p><p data-path-to-node=\"3\">For barnefamiliene er stranda et naturlig eldorado. Vannet er grunt og barnevennlig, noe som gj\u00f8r det trygt for de minste \u00e5 utforske vannkanten, bygge dristige sandslott eller jakte p\u00e5 sm\u00e5 krabber mellom steinene. Vi har lagt til rette med benker og gode omr\u00e5der for piknik, slik at hele familien kan samles og nyte dagen uten \u00e5 m\u00e5tte bevege seg langt fra badeh\u00e5ndkleet. Det er her de brede smilene og de beste bademinnene skapes, i en ramme av trygghet og ekte skj\u00e6rg\u00e5rdsglede.<\/p><h2 data-path-to-node=\"5\">Der svaberg m\u00f8ter sand<\/h2><p data-path-to-node=\"6\">Rundt den myke sandstranda finner du de klassiske, glatte svabergene som er s\u00e5 typiske for v\u00e5r del av kysten. Her kan du finne din egen lille krok for litt mer privatliv, eller bruke dem som utgangspunkt for et forfriskende svalestup i det krystallklare vannet. Stranda og de omkringliggende bergene fungerer som campingplassens naturlige hjerte gjennom hele sommeren \u2013 et sted der naturens egen ro og feriegjestenes energi m\u00f8tes i perfekt harmoni.<\/p>\t\t\t\t\t\t\t\t<\/div>\n\t\t\t\t<\/div>\n\t\t<div class=\"elementor-element elementor-element-935953f e-con-full e-flex e-con e-child\" data-id=\"935953f\" data-element_type=\"container\" data-e-type=\"container\">\n\t\t<div class=\"elementor-element elementor-element-25d9ec5 e-con-full e-flex e-con e-child\" data-id=\"25d9ec5\" data-element_type=\"container\" data-e-type=\"container\" data-settings=\"{&quot;sticky&quot;:&quot;top&quot;,&quot;sticky_offset&quot;:20,&quot;sticky_parent&quot;:&quot;yes&quot;,&quot;sticky_on&quot;:[&quot;desktop&quot;,&quot;tablet&quot;,&quot;mobile&quot;],&quot;sticky_effects_offset&quot;:0,&quot;sticky_anchor_link_offset&quot;:0}\">\n\t\t\t\t<div class=\"elementor-element elementor-element-526a2b7 elementor-widget elementor-widget-heading\" data-id=\"526a2b7\" data-element_type=\"widget\" data-e-type=\"widget\" data-widget_type=\"heading.default\">\n\t\t\t\t\t<h2 class=\"elementor-heading-title elementor-size-default\">Sjekk tilgjengelighet<\/h2>\t\t\t\t<\/div>\n\t\t\t\t<div class=\"elementor-element elementor-element-f994723 elementor-widget elementor-widget-sidebar\" data-id=\"f994723\" data-element_type=\"widget\" data-e-type=\"widget\" data-widget_type=\"sidebar.default\">\n\t\t\t\t\t<aside id=\"hb_widget_search-2\" class=\"widget widget_hb_widget_search\">\n<div id=\"hotel-booking-search-69e7433075ab2\" class=\"hotel-booking-search\">\n\n\t<form  \n\t\tname=\"hb-search-form\" action=\"https:\/\/solvallacamping.hornstaging.no\/de\/vare-unterkunftsmoglichkeiten\/\" \n\t\tclass=\"hb-search-form-69e7433075a9f\"\n\t>\n\t\t\t\t<ul class=\"hb-form-table\">\n\t\t\t<li class=\"hb-form-field\">\n\t\t\t\t\t\t\t\t<div class=\"hb-form-field-input hb_input_field\">\n\t\t\t\t\t<input type=\"text\" name=\"check_in_date\" id=\"check_in_date_69e7433075a9f\"\n\t\t\t\t\t\t\tclass=\"hb_input_date_check\" value=\"\"\n\t\t\t\t\t\t\tplaceholder=\"Check-in Date\"\n\t\t\t\t\t\t\tautocomplete=\"off\"\/>\n\t\t\t\t<\/div>\n\t\t\t<\/li>\n\n\t\t\t<li class=\"hb-form-field\">\n\t\t\t\t\t\t\t\t<div class=\"hb-form-field-input hb_input_field\">\n\t\t\t\t\t<input type=\"text\" name=\"check_out_date\" id=\"check_out_date_69e7433075a9f\"\n\t\t\t\t\t\t\tclass=\"hb_input_date_check\" value=\"\"\n\t\t\t\t\t\t\tplaceholder=\"Check-out Date\"\n\t\t\t\t\t\t\tautocomplete=\"off\"\/>\n\t\t\t\t<\/div>\n\t\t\t<\/li>\n\n\t\t\t<li class=\"hb-form-field\">\n\t\t\t\t\t\t\t\t<div class=\"hb-form-field-input\">\n\t\t\t\t\t<select name=\"adults_capacity\" ><option value=\"\">Adults<\/option><option value=\"1\">1<\/option><option value=\"2\">2<\/option><option value=\"3\">3<\/option><option value=\"4\">4<\/option><option value=\"5\">5<\/option><option value=\"6\">6<\/option><option value=\"7\">7<\/option><option value=\"8\">8<\/option><option value=\"9\">9<\/option><option value=\"10\">10<\/option><option value=\"11\">11<\/option><option value=\"12\">12<\/option><option value=\"13\">13<\/option><option value=\"14\">14<\/option><option value=\"15\">15<\/option><option value=\"16\">16<\/option><option value=\"17\">17<\/option><option value=\"18\">18<\/option><option value=\"19\">19<\/option><option value=\"20\">20<\/option><\/select>\t\t\t\t<\/div>\n\t\t\t<\/li>\n\n\t\t\t<li class=\"hb-form-field\">\n\t\t\t\t\t\t\t\t<div class=\"hb-form-field-input\">\n\t\t\t\t\t<select name=\"max_child\" ><option value=\"\">Children<\/option><option value=\"1\">1<\/option><option value=\"2\">2<\/option><option value=\"3\">3<\/option><option value=\"4\">4<\/option><\/select>\t\t\t\t<\/div>\n\t\t\t<\/li>\n\t\t\t<li class=\"hb-form-field\">\n\t\t\t\t\t\t\t\t<div class=\"hb-form-field-input\">\n\t\t\t\t\t<select name=\"number-of-rooms\" ><option value=\"\">Number of rooms<\/option><option value=\"1\" selected=\"selected\">1<\/option><option value=\"2\">2<\/option><option value=\"3\">3<\/option><option value=\"4\">4<\/option><option value=\"5\">5<\/option><option value=\"6\">6<\/option><option value=\"7\">7<\/option><option value=\"8\">8<\/option><option value=\"9\">9<\/option><option value=\"10\">10<\/option><option value=\"11\">11<\/option><option value=\"12\">12<\/option><option value=\"13\">13<\/option><option value=\"14\">14<\/option><option value=\"15\">15<\/option><option value=\"16\">16<\/option><option value=\"17\">17<\/option><option value=\"18\">18<\/option><option value=\"19\">19<\/option><option value=\"20\">20<\/option><\/select>\t\t\t\t<\/div>\n\t\t\t<\/li>\n\t\t<\/ul>\n\n\t\t<input type=\"hidden\" id=\"nonce\" name=\"nonce\" value=\"58736f65dc\" \/><input type=\"hidden\" name=\"_wp_http_referer\" value=\"\/de\/wp-json\/wp\/v2\/pages\/790\" \/>\t\t<input type=\"hidden\" name=\"hotel-booking\" value=\"results\"\/>\n\t\t<input type=\"hidden\" name=\"widget-search\"\n\t\t\t\tvalue=\"&quot;1&quot;\"\/>\n\t\t<input type=\"hidden\" name=\"action\" value=\"hotel_booking_parse_search_params\"\/>\n\t\t<input type=\"hidden\" name=\"paged\" value=\"1\"\/>\n\n\t\t<p class=\"hb-submit\">\n\t\t\t<button type=\"submit\" class=\"wphb-button\">Check Availability<\/button>\n\t\t<\/p>\n\t<\/form>\n\n\t\n<\/div>\n<\/aside>\t\t\t\t<\/div>\n\t\t\t\t<\/div>\n\t\t\t\t<\/div>\n\t\t\t\t<\/div>\n\t\t\t\t\t<\/div>\n\t\t\t\t<\/div>\n\t\t\t\t<\/div>\n\t\t","protected":false},"excerpt":{"rendered":"<p>S\u00f8k om plass Book overnatting Solvalla-stranda: En glitrende perle i vannkanten Den private sandstranda v\u00e5r er selve juvelen i Solvalla-kronen. [&hellip;]<\/p>\n","protected":false},"author":1,"featured_media":830,"parent":342,"menu_order":0,"comment_status":"closed","ping_status":"closed","template":"","meta":{"_acf_changed":false,"site-sidebar-layout":"no-sidebar","site-content-layout":"","ast-site-content-layout":"full-width-container","site-content-style":"default","site-sidebar-style":"default","ast-global-header-display":"","ast-banner-title-visibility":"","ast-main-header-display":"","ast-hfb-above-header-display":"","ast-hfb-below-header-display":"","ast-hfb-mobile-header-display":"","site-post-title":"disabled","ast-breadcrumbs-content":"","ast-featured-img":"disabled","footer-sml-layout":"","ast-disable-related-posts":"","theme-transparent-header-meta":"","adv-header-id-meta":"","stick-header-meta":"","header-above-stick-meta":"","header-main-stick-meta":"","header-below-stick-meta":"","astra-migrate-meta-layouts":"default","ast-page-background-enabled":"default","ast-page-background-meta":{"desktop":{"background-color":"var(--ast-global-color-5)","background-image":"","background-repeat":"repeat","background-position":"center center","background-size":"auto","background-attachment":"scroll","background-type":"","background-media":"","overlay-type":"","overlay-color":"","overlay-opacity":"","overlay-gradient":""},"tablet":{"background-color":"","background-image":"","background-repeat":"repeat","background-position":"center center","background-size":"auto","background-attachment":"scroll","background-type":"","background-media":"","overlay-type":"","overlay-color":"","overlay-opacity":"","overlay-gradient":""},"mobile":{"background-color":"","background-image":"","background-repeat":"repeat","background-position":"center center","background-size":"auto","background-attachment":"scroll","background-type":"","background-media":"","overlay-type":"","overlay-color":"","overlay-opacity":"","overlay-gradient":""}},"ast-content-background-meta":{"desktop":{"background-color":"var(--ast-global-color-4)","background-image":"","background-repeat":"repeat","background-position":"center center","background-size":"auto","background-attachment":"scroll","background-type":"","background-media":"","overlay-type":"","overlay-color":"","overlay-opacity":"","overlay-gradient":""},"tablet":{"background-color":"var(--ast-global-color-4)","background-image":"","background-repeat":"repeat","background-position":"center center","background-size":"auto","background-attachment":"scroll","background-type":"","background-media":"","overlay-type":"","overlay-color":"","overlay-opacity":"","overlay-gradient":""},"mobile":{"background-color":"var(--ast-global-color-4)","background-image":"","background-repeat":"repeat","background-position":"center center","background-size":"auto","background-attachment":"scroll","background-type":"","background-media":"","overlay-type":"","overlay-color":"","overlay-opacity":"","overlay-gradient":""}},"footnotes":""},"class_list":["post-790","page","type-page","status-publish","has-post-thumbnail","hentry"],"acf":[],"yoast_head":"<!-- This site is optimized with the Yoast SEO plugin v26.9 - https:\/\/yoast.com\/product\/yoast-seo-wordpress\/ -->\n<title>Strand - Solvalla Camping<\/title>\n<meta name=\"robots\" content=\"noindex, follow, max-snippet:-1, max-image-preview:large, max-video-preview:-1\" \/>\n<meta property=\"og:locale\" content=\"de_DE\" \/>\n<meta property=\"og:type\" content=\"article\" \/>\n<meta property=\"og:title\" content=\"Strand - Solvalla Camping\" \/>\n<meta property=\"og:description\" content=\"S\u00f8k om plass Book overnatting Solvalla-stranda: En glitrende perle i vannkanten Den private sandstranda v\u00e5r er selve juvelen i Solvalla-kronen. [&hellip;]\" \/>\n<meta property=\"og:url\" content=\"https:\/\/solvallacamping.hornstaging.no\/de\/einrichtungen\/strand\/\" \/>\n<meta property=\"og:site_name\" content=\"Solvalla Camping\" \/>\n<meta property=\"article:modified_time\" content=\"2026-02-17T08:36:51+00:00\" \/>\n<meta property=\"og:image\" content=\"https:\/\/solvallacamping.hornstaging.no\/wp-content\/uploads\/2026\/02\/Gemini_Generated_Image_7exspy7exspy7exs-1.jpg\" \/>\n\t<meta property=\"og:image:width\" content=\"1746\" \/>\n\t<meta property=\"og:image:height\" content=\"975\" \/>\n\t<meta property=\"og:image:type\" content=\"image\/jpeg\" \/>\n<meta name=\"twitter:card\" content=\"summary_large_image\" \/>\n<meta name=\"twitter:label1\" content=\"Gesch\u00e4tzte Lesezeit\" \/>\n\t<meta name=\"twitter:data1\" content=\"2\u00a0Minuten\" \/>\n<script type=\"application\/ld+json\" class=\"yoast-schema-graph\">{\"@context\":\"https:\/\/schema.org\",\"@graph\":[{\"@type\":\"WebPage\",\"@id\":\"https:\/\/solvallacamping.hornstaging.no\/fasiliteter\/strand\/\",\"url\":\"https:\/\/solvallacamping.hornstaging.no\/fasiliteter\/strand\/\",\"name\":\"Strand - Solvalla Camping\",\"isPartOf\":{\"@id\":\"https:\/\/solvallacamping.hornstaging.no\/#website\"},\"primaryImageOfPage\":{\"@id\":\"https:\/\/solvallacamping.hornstaging.no\/fasiliteter\/strand\/#primaryimage\"},\"image\":{\"@id\":\"https:\/\/solvallacamping.hornstaging.no\/fasiliteter\/strand\/#primaryimage\"},\"thumbnailUrl\":\"https:\/\/solvallacamping.hornstaging.no\/wp-content\/uploads\/2026\/02\/Gemini_Generated_Image_7exspy7exspy7exs-1.jpg\",\"datePublished\":\"2026-02-10T14:57:14+00:00\",\"dateModified\":\"2026-02-17T08:36:51+00:00\",\"breadcrumb\":{\"@id\":\"https:\/\/solvallacamping.hornstaging.no\/fasiliteter\/strand\/#breadcrumb\"},\"inLanguage\":\"de\",\"potentialAction\":[{\"@type\":\"ReadAction\",\"target\":[\"https:\/\/solvallacamping.hornstaging.no\/fasiliteter\/strand\/\"]}]},{\"@type\":\"ImageObject\",\"inLanguage\":\"de\",\"@id\":\"https:\/\/solvallacamping.hornstaging.no\/fasiliteter\/strand\/#primaryimage\",\"url\":\"https:\/\/solvallacamping.hornstaging.no\/wp-content\/uploads\/2026\/02\/Gemini_Generated_Image_7exspy7exspy7exs-1.jpg\",\"contentUrl\":\"https:\/\/solvallacamping.hornstaging.no\/wp-content\/uploads\/2026\/02\/Gemini_Generated_Image_7exspy7exspy7exs-1.jpg\",\"width\":1746,\"height\":975},{\"@type\":\"BreadcrumbList\",\"@id\":\"https:\/\/solvallacamping.hornstaging.no\/fasiliteter\/strand\/#breadcrumb\",\"itemListElement\":[{\"@type\":\"ListItem\",\"position\":1,\"name\":\"Hjem\",\"item\":\"https:\/\/solvallacamping.hornstaging.no\/\"},{\"@type\":\"ListItem\",\"position\":2,\"name\":\"Fasiliteter\",\"item\":\"https:\/\/solvallacamping.hornstaging.no\/fasiliteter\/\"},{\"@type\":\"ListItem\",\"position\":3,\"name\":\"Strand\"}]},{\"@type\":\"WebSite\",\"@id\":\"https:\/\/solvallacamping.hornstaging.no\/#website\",\"url\":\"https:\/\/solvallacamping.hornstaging.no\/\",\"name\":\"Solvalla Camping\",\"description\":\"Glamping og hytter ved sj\u00f8en\",\"publisher\":{\"@id\":\"https:\/\/solvallacamping.hornstaging.no\/#organization\"},\"potentialAction\":[{\"@type\":\"SearchAction\",\"target\":{\"@type\":\"EntryPoint\",\"urlTemplate\":\"https:\/\/solvallacamping.hornstaging.no\/?s={search_term_string}\"},\"query-input\":{\"@type\":\"PropertyValueSpecification\",\"valueRequired\":true,\"valueName\":\"search_term_string\"}}],\"inLanguage\":\"de\"},{\"@type\":\"Organization\",\"@id\":\"https:\/\/solvallacamping.hornstaging.no\/#organization\",\"name\":\"Solvalla Camping\",\"url\":\"https:\/\/solvallacamping.hornstaging.no\/\",\"logo\":{\"@type\":\"ImageObject\",\"inLanguage\":\"de\",\"@id\":\"https:\/\/solvallacamping.hornstaging.no\/#\/schema\/logo\/image\/\",\"url\":\"https:\/\/solvallacamping.hornstaging.no\/wp-content\/uploads\/2026\/02\/logo-solvallacamping-lys.png\",\"contentUrl\":\"https:\/\/solvallacamping.hornstaging.no\/wp-content\/uploads\/2026\/02\/logo-solvallacamping-lys.png\",\"width\":557,\"height\":196,\"caption\":\"Solvalla Camping\"},\"image\":{\"@id\":\"https:\/\/solvallacamping.hornstaging.no\/#\/schema\/logo\/image\/\"}}]}<\/script>\n<!-- \/ Yoast SEO plugin. -->","yoast_head_json":{"title":"Strand - Solvalla Camping","robots":{"index":"noindex","follow":"follow","max-snippet":"max-snippet:-1","max-image-preview":"max-image-preview:large","max-video-preview":"max-video-preview:-1"},"og_locale":"de_DE","og_type":"article","og_title":"Strand - Solvalla Camping","og_description":"S\u00f8k om plass Book overnatting Solvalla-stranda: En glitrende perle i vannkanten Den private sandstranda v\u00e5r er selve juvelen i Solvalla-kronen. [&hellip;]","og_url":"https:\/\/solvallacamping.hornstaging.no\/de\/einrichtungen\/strand\/","og_site_name":"Solvalla Camping","article_modified_time":"2026-02-17T08:36:51+00:00","og_image":[{"width":1746,"height":975,"url":"https:\/\/solvallacamping.hornstaging.no\/wp-content\/uploads\/2026\/02\/Gemini_Generated_Image_7exspy7exspy7exs-1.jpg","type":"image\/jpeg"}],"twitter_card":"summary_large_image","twitter_misc":{"Gesch\u00e4tzte Lesezeit":"2\u00a0Minuten"},"schema":{"@context":"https:\/\/schema.org","@graph":[{"@type":"WebPage","@id":"https:\/\/solvallacamping.hornstaging.no\/fasiliteter\/strand\/","url":"https:\/\/solvallacamping.hornstaging.no\/fasiliteter\/strand\/","name":"Strand - Solvalla Camping","isPartOf":{"@id":"https:\/\/solvallacamping.hornstaging.no\/#website"},"primaryImageOfPage":{"@id":"https:\/\/solvallacamping.hornstaging.no\/fasiliteter\/strand\/#primaryimage"},"image":{"@id":"https:\/\/solvallacamping.hornstaging.no\/fasiliteter\/strand\/#primaryimage"},"thumbnailUrl":"https:\/\/solvallacamping.hornstaging.no\/wp-content\/uploads\/2026\/02\/Gemini_Generated_Image_7exspy7exspy7exs-1.jpg","datePublished":"2026-02-10T14:57:14+00:00","dateModified":"2026-02-17T08:36:51+00:00","breadcrumb":{"@id":"https:\/\/solvallacamping.hornstaging.no\/fasiliteter\/strand\/#breadcrumb"},"inLanguage":"de","potentialAction":[{"@type":"ReadAction","target":["https:\/\/solvallacamping.hornstaging.no\/fasiliteter\/strand\/"]}]},{"@type":"ImageObject","inLanguage":"de","@id":"https:\/\/solvallacamping.hornstaging.no\/fasiliteter\/strand\/#primaryimage","url":"https:\/\/solvallacamping.hornstaging.no\/wp-content\/uploads\/2026\/02\/Gemini_Generated_Image_7exspy7exspy7exs-1.jpg","contentUrl":"https:\/\/solvallacamping.hornstaging.no\/wp-content\/uploads\/2026\/02\/Gemini_Generated_Image_7exspy7exspy7exs-1.jpg","width":1746,"height":975},{"@type":"BreadcrumbList","@id":"https:\/\/solvallacamping.hornstaging.no\/fasiliteter\/strand\/#breadcrumb","itemListElement":[{"@type":"ListItem","position":1,"name":"Hjem","item":"https:\/\/solvallacamping.hornstaging.no\/"},{"@type":"ListItem","position":2,"name":"Fasiliteter","item":"https:\/\/solvallacamping.hornstaging.no\/fasiliteter\/"},{"@type":"ListItem","position":3,"name":"Strand"}]},{"@type":"WebSite","@id":"https:\/\/solvallacamping.hornstaging.no\/#website","url":"https:\/\/solvallacamping.hornstaging.no\/","name":"Solvalla Camping","description":"Glamping und H\u00fctten am Meer","publisher":{"@id":"https:\/\/solvallacamping.hornstaging.no\/#organization"},"potentialAction":[{"@type":"SearchAction","target":{"@type":"EntryPoint","urlTemplate":"https:\/\/solvallacamping.hornstaging.no\/?s={search_term_string}"},"query-input":{"@type":"PropertyValueSpecification","valueRequired":true,"valueName":"search_term_string"}}],"inLanguage":"de"},{"@type":"Organization","@id":"https:\/\/solvallacamping.hornstaging.no\/#organization","name":"Solvalla Camping","url":"https:\/\/solvallacamping.hornstaging.no\/","logo":{"@type":"ImageObject","inLanguage":"de","@id":"https:\/\/solvallacamping.hornstaging.no\/#\/schema\/logo\/image\/","url":"https:\/\/solvallacamping.hornstaging.no\/wp-content\/uploads\/2026\/02\/logo-solvallacamping-lys.png","contentUrl":"https:\/\/solvallacamping.hornstaging.no\/wp-content\/uploads\/2026\/02\/logo-solvallacamping-lys.png","width":557,"height":196,"caption":"Solvalla Camping"},"image":{"@id":"https:\/\/solvallacamping.hornstaging.no\/#\/schema\/logo\/image\/"}}]}},"_links":{"self":[{"href":"https:\/\/solvallacamping.hornstaging.no\/de\/wp-json\/wp\/v2\/pages\/790","targetHints":{"allow":["GET"]}}],"collection":[{"href":"https:\/\/solvallacamping.hornstaging.no\/de\/wp-json\/wp\/v2\/pages"}],"about":[{"href":"https:\/\/solvallacamping.hornstaging.no\/de\/wp-json\/wp\/v2\/types\/page"}],"author":[{"embeddable":true,"href":"https:\/\/solvallacamping.hornstaging.no\/de\/wp-json\/wp\/v2\/users\/1"}],"replies":[{"embeddable":true,"href":"https:\/\/solvallacamping.hornstaging.no\/de\/wp-json\/wp\/v2\/comments?post=790"}],"version-history":[{"count":7,"href":"https:\/\/solvallacamping.hornstaging.no\/de\/wp-json\/wp\/v2\/pages\/790\/revisions"}],"predecessor-version":[{"id":1702,"href":"https:\/\/solvallacamping.hornstaging.no\/de\/wp-json\/wp\/v2\/pages\/790\/revisions\/1702"}],"up":[{"embeddable":true,"href":"https:\/\/solvallacamping.hornstaging.no\/de\/wp-json\/wp\/v2\/pages\/342"}],"wp:featuredmedia":[{"embeddable":true,"href":"https:\/\/solvallacamping.hornstaging.no\/de\/wp-json\/wp\/v2\/media\/830"}],"wp:attachment":[{"href":"https:\/\/solvallacamping.hornstaging.no\/de\/wp-json\/wp\/v2\/media?parent=790"}],"curies":[{"name":"wp","href":"https:\/\/api.w.org\/{rel}","templated":true}]}}