{"id":340,"date":"2026-02-10T10:38:11","date_gmt":"2026-02-10T09:38:11","guid":{"rendered":"https:\/\/solvallacamping.hornstaging.no\/?page_id=340"},"modified":"2026-02-17T11:32:38","modified_gmt":"2026-02-17T10:32:38","slug":"preise","status":"publish","type":"page","link":"https:\/\/solvallacamping.hornstaging.no\/de\/preise\/","title":{"rendered":"Preise"},"content":{"rendered":"\t\t<div data-elementor-type=\"wp-page\" data-elementor-id=\"340\" class=\"elementor elementor-340\" data-elementor-post-type=\"page\">\n\t\t\t\t<div class=\"elementor-element elementor-element-47339ab e-con-full e-flex e-con e-parent\" data-id=\"47339ab\" data-element_type=\"container\" data-e-type=\"container\">\n\t\t<div class=\"elementor-element elementor-element-a578eb3 e-flex e-con-boxed e-con e-child\" data-id=\"a578eb3\" data-element_type=\"container\" data-e-type=\"container\" data-settings=\"{&quot;background_background&quot;:&quot;classic&quot;,&quot;background_motion_fx_motion_fx_scrolling&quot;:&quot;yes&quot;,&quot;background_motion_fx_devices&quot;:[&quot;desktop&quot;,&quot;tablet&quot;,&quot;mobile&quot;]}\">\n\t\t\t\t\t<div class=\"e-con-inner\">\n\t\t<div class=\"elementor-element elementor-element-269cdf8 e-con-full e-flex e-con e-child\" data-id=\"269cdf8\" data-element_type=\"container\" data-e-type=\"container\">\n\t\t<div class=\"elementor-element elementor-element-f3708ef e-con-full e-flex elementor-invisible e-con e-child\" data-id=\"f3708ef\" data-element_type=\"container\" data-e-type=\"container\" data-settings=\"{&quot;animation&quot;:&quot;fadeIn&quot;}\">\n\t\t\t\t<div class=\"elementor-element elementor-element-0e25218 elementor-widget elementor-widget-heading\" data-id=\"0e25218\" data-element_type=\"widget\" data-e-type=\"widget\" data-widget_type=\"heading.default\">\n\t\t\t\t\t<h1 class=\"elementor-heading-title elementor-size-default\">Priser<\/h1>\t\t\t\t<\/div>\n\t\t\t\t<div class=\"elementor-element elementor-element-fcbec7f elementor-widget elementor-widget-text-editor\" data-id=\"fcbec7f\" data-element_type=\"widget\" data-e-type=\"widget\" data-widget_type=\"text-editor.default\">\n\t\t\t\t\t\t\t\t\t<p>Her finner du en oversikt over v\u00e5re priser for ulike overnattingsformer. Vi tilbyr alt fra enkle teltplasser til luksuri\u00f8s glamping og komfortable hytter, slik at du kan finne det som passer deg.<\/p>\t\t\t\t\t\t\t\t<\/div>\n\t\t<div class=\"elementor-element elementor-element-6ff5af0 e-con-full e-flex e-con e-child\" data-id=\"6ff5af0\" data-element_type=\"container\" data-e-type=\"container\">\n\t\t\t\t<div class=\"elementor-element elementor-element-5677c8b elementor-align-right elementor-mobile-align-justify elementor-widget elementor-widget-button\" data-id=\"5677c8b\" data-element_type=\"widget\" data-e-type=\"widget\" data-widget_type=\"button.default\">\n\t\t\t\t\t\t\t\t\t\t<a class=\"elementor-button elementor-button-link elementor-size-sm\" href=\"https:\/\/solvallacamping.hornstaging.no\/sok-sesongplass\/\">\n\t\t\t\t\t\t<span class=\"elementor-button-content-wrapper\">\n\t\t\t\t\t\t<span class=\"elementor-button-icon\">\n\t\t\t\t<svg aria-hidden=\"true\" class=\"e-font-icon-svg e-fas-arrow-alt-circle-right\" viewBox=\"0 0 512 512\" xmlns=\"http:\/\/www.w3.org\/2000\/svg\"><path d=\"M256 8c137 0 248 111 248 248S393 504 256 504 8 393 8 256 119 8 256 8zM140 300h116v70.9c0 10.7 13 16.1 20.5 8.5l114.3-114.9c4.7-4.7 4.7-12.2 0-16.9l-114.3-115c-7.6-7.6-20.5-2.2-20.5 8.5V212H140c-6.6 0-12 5.4-12 12v64c0 6.6 5.4 12 12 12z\"><\/path><\/svg>\t\t\t<\/span>\n\t\t\t\t\t\t\t\t\t<span class=\"elementor-button-text\">S\u00f8k om plass<\/span>\n\t\t\t\t\t<\/span>\n\t\t\t\t\t<\/a>\n\t\t\t\t\t\t\t\t<\/div>\n\t\t\t\t<div class=\"elementor-element elementor-element-4ef1e77 elementor-align-right elementor-mobile-align-justify elementor-widget elementor-widget-button\" data-id=\"4ef1e77\" data-element_type=\"widget\" data-e-type=\"widget\" data-widget_type=\"button.default\">\n\t\t\t\t\t\t\t\t\t\t<a class=\"elementor-button elementor-button-link elementor-size-sm\" href=\"\/bestill\/\">\n\t\t\t\t\t\t<span class=\"elementor-button-content-wrapper\">\n\t\t\t\t\t\t<span class=\"elementor-button-icon\">\n\t\t\t\t<svg aria-hidden=\"true\" class=\"e-font-icon-svg e-fas-arrow-alt-circle-right\" viewBox=\"0 0 512 512\" xmlns=\"http:\/\/www.w3.org\/2000\/svg\"><path d=\"M256 8c137 0 248 111 248 248S393 504 256 504 8 393 8 256 119 8 256 8zM140 300h116v70.9c0 10.7 13 16.1 20.5 8.5l114.3-114.9c4.7-4.7 4.7-12.2 0-16.9l-114.3-115c-7.6-7.6-20.5-2.2-20.5 8.5V212H140c-6.6 0-12 5.4-12 12v64c0 6.6 5.4 12 12 12z\"><\/path><\/svg>\t\t\t<\/span>\n\t\t\t\t\t\t\t\t\t<span class=\"elementor-button-text\">Book overnatting<\/span>\n\t\t\t\t\t<\/span>\n\t\t\t\t\t<\/a>\n\t\t\t\t\t\t\t\t<\/div>\n\t\t\t\t<\/div>\n\t\t\t\t<\/div>\n\t\t\t\t<\/div>\n\t\t\t\t\t<\/div>\n\t\t\t\t<\/div>\n\t\t\t\t<\/div>\n\t\t<div class=\"elementor-element elementor-element-192662b e-flex e-con-boxed e-con e-parent\" data-id=\"192662b\" data-element_type=\"container\" data-e-type=\"container\">\n\t\t\t\t\t<div class=\"e-con-inner\">\n\t\t\t\t<div class=\"elementor-element elementor-element-89d519d elementor-widget elementor-widget-heading\" data-id=\"89d519d\" data-element_type=\"widget\" data-e-type=\"widget\" data-widget_type=\"heading.default\">\n\t\t\t\t\t<h2 class=\"elementor-heading-title elementor-size-default\">Prisoversikt for Solvalla Camping<\/h2>\t\t\t\t<\/div>\n\t\t\t\t<div class=\"elementor-element elementor-element-b29f425 elementor-widget elementor-widget-text-editor\" data-id=\"b29f425\" data-element_type=\"widget\" data-e-type=\"widget\" data-widget_type=\"text-editor.default\">\n\t\t\t\t\t\t\t\t\t<p>Prisene gjelder per d\u00f8gn og kan variere noe mellom h\u00f8ysesong og skuldersesong. Alle priser er inkludert tilgang til v\u00e5re moderne servicehus og fellesfasiliteter.<\/p>\t\t\t\t\t\t\t\t<\/div>\n\t\t<div class=\"elementor-element elementor-element-761767b e-con-full e-flex elementor-invisible e-con e-child\" data-id=\"761767b\" data-element_type=\"container\" data-e-type=\"container\" data-settings=\"{&quot;background_background&quot;:&quot;classic&quot;,&quot;animation&quot;:&quot;fadeInUp&quot;,&quot;animation_delay&quot;:400}\">\n\t\t<div class=\"elementor-element elementor-element-cde38ad e-con-full e-flex e-con e-child\" data-id=\"cde38ad\" data-element_type=\"container\" data-e-type=\"container\">\n\t\t\t\t<div class=\"elementor-element elementor-element-3d875d5 elementor-widget elementor-widget-heading\" data-id=\"3d875d5\" data-element_type=\"widget\" data-e-type=\"widget\" data-widget_type=\"heading.default\">\n\t\t\t\t\t<h3 class=\"elementor-heading-title elementor-size-default\">Telt og Glamping<\/h3>\t\t\t\t<\/div>\n\t\t\t\t<div class=\"elementor-element elementor-element-e26fdd1 elementor-widget elementor-widget-price-list\" data-id=\"e26fdd1\" data-element_type=\"widget\" data-e-type=\"widget\" data-widget_type=\"price-list.default\">\n\t\t\t\t\t\n\t\t<ul class=\"elementor-price-list\">\n\n\t\t\t\t\t\t\t\t\t<li class=\"elementor-price-list-item\">\t\t\t\t\n\t\t\t\t<div class=\"elementor-price-list-text\">\n\t\t\t\t\t\t\t\t\t<div class=\"elementor-price-list-header\">\n\t\t\t\t\t\t\t\t\t\t\t<span class=\"elementor-price-list-title\">\n\t\t\t\t\t\t\tLite telt\t\t\t\t\t\t<\/span>\n\t\t\t\t\t\t\t\t\t\t\t\t\t\t\t\t\t\t<span class=\"elementor-price-list-separator\"><\/span>\n\t\t\t\t\t\t\t\t\t\t\t\t\t\t\t\t\t\t\t<span class=\"elementor-price-list-price\">Kr. 250,-<\/span>\n\t\t\t\t\t\t\t\t\t\t<\/div>\n\t\t\t\t\t\t\t\t\t\t\t\t\t\t\t<p class=\"elementor-price-list-description\">\n\t\t\t\t\t\t\t(1-2 personer)\t\t\t\t\t\t<\/p>\n\t\t\t\t\t\t\t\t<\/div>\n\t\t\t\t<\/li>\t\t\t\t\t\t\t\t\t\t\t\t<li class=\"elementor-price-list-item\">\t\t\t\t\n\t\t\t\t<div class=\"elementor-price-list-text\">\n\t\t\t\t\t\t\t\t\t<div class=\"elementor-price-list-header\">\n\t\t\t\t\t\t\t\t\t\t\t<span class=\"elementor-price-list-title\">\n\t\t\t\t\t\t\tStor teltplass\t\t\t\t\t\t<\/span>\n\t\t\t\t\t\t\t\t\t\t\t\t\t\t\t\t\t\t<span class=\"elementor-price-list-separator\"><\/span>\n\t\t\t\t\t\t\t\t\t\t\t\t\t\t\t\t\t\t\t<span class=\"elementor-price-list-price\">Kr. 350,-<\/span>\n\t\t\t\t\t\t\t\t\t\t<\/div>\n\t\t\t\t\t\t\t\t\t\t\t\t\t\t\t<p class=\"elementor-price-list-description\">\n\t\t\t\t\t\t\t(familie)\t\t\t\t\t\t<\/p>\n\t\t\t\t\t\t\t\t<\/div>\n\t\t\t\t<\/li>\t\t\t\t\t\t\t\t\t\t\t\t<li class=\"elementor-price-list-item\">\t\t\t\t\n\t\t\t\t<div class=\"elementor-price-list-text\">\n\t\t\t\t\t\t\t\t\t<div class=\"elementor-price-list-header\">\n\t\t\t\t\t\t\t\t\t\t\t<span class=\"elementor-price-list-title\">\n\t\t\t\t\t\t\tGlampingtelt\t\t\t\t\t\t<\/span>\n\t\t\t\t\t\t\t\t\t\t\t\t\t\t\t\t\t\t<span class=\"elementor-price-list-separator\"><\/span>\n\t\t\t\t\t\t\t\t\t\t\t\t\t\t\t\t\t\t\t<span class=\"elementor-price-list-price\">Kr. 1 500,-<\/span>\n\t\t\t\t\t\t\t\t\t\t<\/div>\n\t\t\t\t\t\t\t\t\t\t\t\t\t\t\t<p class=\"elementor-price-list-description\">\n\t\t\t\t\t\t\t(luksus inkl. senget\u00f8y)\t\t\t\t\t\t<\/p>\n\t\t\t\t\t\t\t\t<\/div>\n\t\t\t\t<\/li>\t\t\t\t\t\n\t\t<\/ul>\n\n\t\t\t\t\t\t<\/div>\n\t\t\t\t<\/div>\n\t\t<div class=\"elementor-element elementor-element-afec9a5 e-con-full e-flex e-con e-child\" data-id=\"afec9a5\" data-element_type=\"container\" data-e-type=\"container\">\n\t\t\t\t<div class=\"elementor-element elementor-element-0bf999a elementor-widget elementor-widget-heading\" data-id=\"0bf999a\" data-element_type=\"widget\" data-e-type=\"widget\" data-widget_type=\"heading.default\">\n\t\t\t\t\t<h3 class=\"elementor-heading-title elementor-size-default\">Bobil og Campingvogn<\/h3>\t\t\t\t<\/div>\n\t\t\t\t<div class=\"elementor-element elementor-element-e768f4e elementor-widget elementor-widget-price-list\" data-id=\"e768f4e\" data-element_type=\"widget\" data-e-type=\"widget\" data-widget_type=\"price-list.default\">\n\t\t\t\t\t\n\t\t<ul class=\"elementor-price-list\">\n\n\t\t\t\t\t\t\t\t\t<li class=\"elementor-price-list-item\">\t\t\t\t\n\t\t\t\t<div class=\"elementor-price-list-text\">\n\t\t\t\t\t\t\t\t\t<div class=\"elementor-price-list-header\">\n\t\t\t\t\t\t\t\t\t\t\t<span class=\"elementor-price-list-title\">\n\t\t\t\t\t\t\tStandard bobilplass\t\t\t\t\t\t<\/span>\n\t\t\t\t\t\t\t\t\t\t\t\t\t\t\t\t\t\t<span class=\"elementor-price-list-separator\"><\/span>\n\t\t\t\t\t\t\t\t\t\t\t\t\t\t\t\t\t\t\t<span class=\"elementor-price-list-price\">Kr. 300,-<\/span>\n\t\t\t\t\t\t\t\t\t\t<\/div>\n\t\t\t\t\t\t\t\t\t\t\t\t<\/div>\n\t\t\t\t<\/li>\t\t\t\t\t\t\t\t\t\t\t\t<li class=\"elementor-price-list-item\">\t\t\t\t\n\t\t\t\t<div class=\"elementor-price-list-text\">\n\t\t\t\t\t\t\t\t\t<div class=\"elementor-price-list-header\">\n\t\t\t\t\t\t\t\t\t\t\t<span class=\"elementor-price-list-title\">\n\t\t\t\t\t\t\tPremium bobilplass\t\t\t\t\t\t<\/span>\n\t\t\t\t\t\t\t\t\t\t\t\t\t\t\t\t\t\t<span class=\"elementor-price-list-separator\"><\/span>\n\t\t\t\t\t\t\t\t\t\t\t\t\t\t\t\t\t\t\t<span class=\"elementor-price-list-price\">Kr. 450,-<\/span>\n\t\t\t\t\t\t\t\t\t\t<\/div>\n\t\t\t\t\t\t\t\t\t\t\t\t\t\t\t<p class=\"elementor-price-list-description\">\n\t\t\t\t\t\t\t(f\u00f8rste rekke m\/platting)\t\t\t\t\t\t<\/p>\n\t\t\t\t\t\t\t\t<\/div>\n\t\t\t\t<\/li>\t\t\t\t\t\n\t\t<\/ul>\n\n\t\t\t\t\t\t<\/div>\n\t\t\t\t<\/div>\n\t\t<div class=\"elementor-element elementor-element-113d336 e-con-full e-flex e-con e-child\" data-id=\"113d336\" data-element_type=\"container\" data-e-type=\"container\">\n\t\t\t\t<div class=\"elementor-element elementor-element-4d9d8aa elementor-widget elementor-widget-heading\" data-id=\"4d9d8aa\" data-element_type=\"widget\" data-e-type=\"widget\" data-widget_type=\"heading.default\">\n\t\t\t\t\t<h3 class=\"elementor-heading-title elementor-size-default\">Hytter<\/h3>\t\t\t\t<\/div>\n\t\t\t\t<div class=\"elementor-element elementor-element-c41314e elementor-widget elementor-widget-price-list\" data-id=\"c41314e\" data-element_type=\"widget\" data-e-type=\"widget\" data-widget_type=\"price-list.default\">\n\t\t\t\t\t\n\t\t<ul class=\"elementor-price-list\">\n\n\t\t\t\t\t\t\t\t\t<li class=\"elementor-price-list-item\">\t\t\t\t\n\t\t\t\t<div class=\"elementor-price-list-text\">\n\t\t\t\t\t\t\t\t\t<div class=\"elementor-price-list-header\">\n\t\t\t\t\t\t\t\t\t\t\t<span class=\"elementor-price-list-title\">\n\t\t\t\t\t\t\tParhytte\t\t\t\t\t\t<\/span>\n\t\t\t\t\t\t\t\t\t\t\t\t\t\t\t\t\t\t<span class=\"elementor-price-list-separator\"><\/span>\n\t\t\t\t\t\t\t\t\t\t\t\t\t\t\t\t\t\t\t<span class=\"elementor-price-list-price\">Kr. 950,-<\/span>\n\t\t\t\t\t\t\t\t\t\t<\/div>\n\t\t\t\t\t\t\t\t\t\t\t\t<\/div>\n\t\t\t\t<\/li>\t\t\t\t\t\t\t\t\t\t\t\t<li class=\"elementor-price-list-item\">\t\t\t\t\n\t\t\t\t<div class=\"elementor-price-list-text\">\n\t\t\t\t\t\t\t\t\t<div class=\"elementor-price-list-header\">\n\t\t\t\t\t\t\t\t\t\t\t<span class=\"elementor-price-list-title\">\n\t\t\t\t\t\t\tFamiliehytte\t\t\t\t\t\t<\/span>\n\t\t\t\t\t\t\t\t\t\t\t\t\t\t\t\t\t\t<span class=\"elementor-price-list-separator\"><\/span>\n\t\t\t\t\t\t\t\t\t\t\t\t\t\t\t\t\t\t\t<span class=\"elementor-price-list-price\">Kr. 1250,-<\/span>\n\t\t\t\t\t\t\t\t\t\t<\/div>\n\t\t\t\t\t\t\t\t\t\t\t\t<\/div>\n\t\t\t\t<\/li>\t\t\t\t\t\n\t\t<\/ul>\n\n\t\t\t\t\t\t<\/div>\n\t\t\t\t<\/div>\n\t\t\t\t<\/div>\n\t\t\t\t\t<\/div>\n\t\t\t\t<\/div>\n\t\t\t\t<\/div>\n\t\t","protected":false},"excerpt":{"rendered":"<p>Priser Her finner du en oversikt over v\u00e5re priser for ulike overnattingsformer. Vi tilbyr alt fra enkle teltplasser til luksuri\u00f8s [&hellip;]<\/p>\n","protected":false},"author":1,"featured_media":1025,"parent":0,"menu_order":0,"comment_status":"closed","ping_status":"closed","template":"","meta":{"_acf_changed":false,"site-sidebar-layout":"no-sidebar","site-content-layout":"","ast-site-content-layout":"full-width-container","site-content-style":"default","site-sidebar-style":"default","ast-global-header-display":"","ast-banner-title-visibility":"","ast-main-header-display":"","ast-hfb-above-header-display":"","ast-hfb-below-header-display":"","ast-hfb-mobile-header-display":"","site-post-title":"disabled","ast-breadcrumbs-content":"","ast-featured-img":"disabled","footer-sml-layout":"","ast-disable-related-posts":"","theme-transparent-header-meta":"","adv-header-id-meta":"","stick-header-meta":"","header-above-stick-meta":"","header-main-stick-meta":"","header-below-stick-meta":"","astra-migrate-meta-layouts":"default","ast-page-background-enabled":"default","ast-page-background-meta":{"desktop":{"background-color":"var(--ast-global-color-5)","background-image":"","background-repeat":"repeat","background-position":"center center","background-size":"auto","background-attachment":"scroll","background-type":"","background-media":"","overlay-type":"","overlay-color":"","overlay-opacity":"","overlay-gradient":""},"tablet":{"background-color":"","background-image":"","background-repeat":"repeat","background-position":"center center","background-size":"auto","background-attachment":"scroll","background-type":"","background-media":"","overlay-type":"","overlay-color":"","overlay-opacity":"","overlay-gradient":""},"mobile":{"background-color":"","background-image":"","background-repeat":"repeat","background-position":"center center","background-size":"auto","background-attachment":"scroll","background-type":"","background-media":"","overlay-type":"","overlay-color":"","overlay-opacity":"","overlay-gradient":""}},"ast-content-background-meta":{"desktop":{"background-color":"var(--ast-global-color-4)","background-image":"","background-repeat":"repeat","background-position":"center center","background-size":"auto","background-attachment":"scroll","background-type":"","background-media":"","overlay-type":"","overlay-color":"","overlay-opacity":"","overlay-gradient":""},"tablet":{"background-color":"var(--ast-global-color-4)","background-image":"","background-repeat":"repeat","background-position":"center center","background-size":"auto","background-attachment":"scroll","background-type":"","background-media":"","overlay-type":"","overlay-color":"","overlay-opacity":"","overlay-gradient":""},"mobile":{"background-color":"var(--ast-global-color-4)","background-image":"","background-repeat":"repeat","background-position":"center center","background-size":"auto","background-attachment":"scroll","background-type":"","background-media":"","overlay-type":"","overlay-color":"","overlay-opacity":"","overlay-gradient":""}},"footnotes":""},"class_list":["post-340","page","type-page","status-publish","has-post-thumbnail","hentry"],"acf":[],"yoast_head":"<!-- This site is optimized with the Yoast SEO plugin v26.9 - https:\/\/yoast.com\/product\/yoast-seo-wordpress\/ -->\n<title>Priser p\u00e5 Solvalla Camping<\/title>\n<meta name=\"description\" content=\"Se priser for telt, glamping, bobilplass, campingvogn og hytter p\u00e5 Solvalla Camping. Finn overnatting som passer ditt budsjett.\" \/>\n<meta name=\"robots\" content=\"noindex, follow, max-snippet:-1, max-image-preview:large, max-video-preview:-1\" \/>\n<meta property=\"og:locale\" content=\"de_DE\" \/>\n<meta property=\"og:type\" content=\"article\" \/>\n<meta property=\"og:title\" content=\"Priser p\u00e5 Solvalla Camping\" \/>\n<meta property=\"og:description\" content=\"Se priser for telt, glamping, bobilplass, campingvogn og hytter p\u00e5 Solvalla Camping. Finn overnatting som passer ditt budsjett.\" \/>\n<meta property=\"og:url\" content=\"https:\/\/solvallacamping.hornstaging.no\/de\/preise\/\" \/>\n<meta property=\"og:site_name\" content=\"Solvalla Camping\" \/>\n<meta property=\"article:modified_time\" content=\"2026-02-17T10:32:38+00:00\" \/>\n<meta property=\"og:image\" content=\"https:\/\/solvallacamping.hornstaging.no\/wp-content\/uploads\/2026\/02\/opengraph-solvalla.png\" \/>\n\t<meta property=\"og:image:width\" content=\"2048\" \/>\n\t<meta property=\"og:image:height\" content=\"1230\" \/>\n\t<meta property=\"og:image:type\" content=\"image\/png\" \/>\n<meta name=\"twitter:card\" content=\"summary_large_image\" \/>\n<meta name=\"twitter:label1\" content=\"Gesch\u00e4tzte Lesezeit\" \/>\n\t<meta name=\"twitter:data1\" content=\"1\u00a0Minute\" \/>\n<script type=\"application\/ld+json\" class=\"yoast-schema-graph\">{\"@context\":\"https:\/\/schema.org\",\"@graph\":[{\"@type\":\"WebPage\",\"@id\":\"https:\/\/solvallacamping.hornstaging.no\/priser\/\",\"url\":\"https:\/\/solvallacamping.hornstaging.no\/priser\/\",\"name\":\"Priser p\u00e5 Solvalla Camping\",\"isPartOf\":{\"@id\":\"https:\/\/solvallacamping.hornstaging.no\/#website\"},\"primaryImageOfPage\":{\"@id\":\"https:\/\/solvallacamping.hornstaging.no\/priser\/#primaryimage\"},\"image\":{\"@id\":\"https:\/\/solvallacamping.hornstaging.no\/priser\/#primaryimage\"},\"thumbnailUrl\":\"https:\/\/solvallacamping.hornstaging.no\/wp-content\/uploads\/2026\/02\/opengraph-solvalla.png\",\"datePublished\":\"2026-02-10T09:38:11+00:00\",\"dateModified\":\"2026-02-17T10:32:38+00:00\",\"description\":\"Se priser for telt, glamping, bobilplass, campingvogn og hytter p\u00e5 Solvalla Camping. Finn overnatting som passer ditt budsjett.\",\"breadcrumb\":{\"@id\":\"https:\/\/solvallacamping.hornstaging.no\/priser\/#breadcrumb\"},\"inLanguage\":\"de\",\"potentialAction\":[{\"@type\":\"ReadAction\",\"target\":[\"https:\/\/solvallacamping.hornstaging.no\/priser\/\"]}]},{\"@type\":\"ImageObject\",\"inLanguage\":\"de\",\"@id\":\"https:\/\/solvallacamping.hornstaging.no\/priser\/#primaryimage\",\"url\":\"https:\/\/solvallacamping.hornstaging.no\/wp-content\/uploads\/2026\/02\/opengraph-solvalla.png\",\"contentUrl\":\"https:\/\/solvallacamping.hornstaging.no\/wp-content\/uploads\/2026\/02\/opengraph-solvalla.png\",\"width\":2048,\"height\":1230},{\"@type\":\"BreadcrumbList\",\"@id\":\"https:\/\/solvallacamping.hornstaging.no\/priser\/#breadcrumb\",\"itemListElement\":[{\"@type\":\"ListItem\",\"position\":1,\"name\":\"Hjem\",\"item\":\"https:\/\/solvallacamping.hornstaging.no\/\"},{\"@type\":\"ListItem\",\"position\":2,\"name\":\"Priser\"}]},{\"@type\":\"WebSite\",\"@id\":\"https:\/\/solvallacamping.hornstaging.no\/#website\",\"url\":\"https:\/\/solvallacamping.hornstaging.no\/\",\"name\":\"Solvalla Camping\",\"description\":\"Glamping og hytter ved sj\u00f8en\",\"publisher\":{\"@id\":\"https:\/\/solvallacamping.hornstaging.no\/#organization\"},\"potentialAction\":[{\"@type\":\"SearchAction\",\"target\":{\"@type\":\"EntryPoint\",\"urlTemplate\":\"https:\/\/solvallacamping.hornstaging.no\/?s={search_term_string}\"},\"query-input\":{\"@type\":\"PropertyValueSpecification\",\"valueRequired\":true,\"valueName\":\"search_term_string\"}}],\"inLanguage\":\"de\"},{\"@type\":\"Organization\",\"@id\":\"https:\/\/solvallacamping.hornstaging.no\/#organization\",\"name\":\"Solvalla Camping\",\"url\":\"https:\/\/solvallacamping.hornstaging.no\/\",\"logo\":{\"@type\":\"ImageObject\",\"inLanguage\":\"de\",\"@id\":\"https:\/\/solvallacamping.hornstaging.no\/#\/schema\/logo\/image\/\",\"url\":\"https:\/\/solvallacamping.hornstaging.no\/wp-content\/uploads\/2026\/02\/logo-solvallacamping-lys.png\",\"contentUrl\":\"https:\/\/solvallacamping.hornstaging.no\/wp-content\/uploads\/2026\/02\/logo-solvallacamping-lys.png\",\"width\":557,\"height\":196,\"caption\":\"Solvalla Camping\"},\"image\":{\"@id\":\"https:\/\/solvallacamping.hornstaging.no\/#\/schema\/logo\/image\/\"}}]}<\/script>\n<!-- \/ Yoast SEO plugin. -->","yoast_head_json":{"title":"Preise auf Solvalla Camping","description":"Sehen Sie die Preise f\u00fcr Zelte, Glamping, Wohnmobilstellpl\u00e4tze, Wohnwagen und H\u00fctten auf Solvalla Camping. Finden Sie eine Unterkunft, die zu Ihrem Budget passt.","robots":{"index":"noindex","follow":"follow","max-snippet":"max-snippet:-1","max-image-preview":"max-image-preview:large","max-video-preview":"max-video-preview:-1"},"og_locale":"de_DE","og_type":"article","og_title":"Priser p\u00e5 Solvalla Camping","og_description":"Se priser for telt, glamping, bobilplass, campingvogn og hytter p\u00e5 Solvalla Camping. Finn overnatting som passer ditt budsjett.","og_url":"https:\/\/solvallacamping.hornstaging.no\/de\/preise\/","og_site_name":"Solvalla Camping","article_modified_time":"2026-02-17T10:32:38+00:00","og_image":[{"width":2048,"height":1230,"url":"https:\/\/solvallacamping.hornstaging.no\/wp-content\/uploads\/2026\/02\/opengraph-solvalla.png","type":"image\/png"}],"twitter_card":"summary_large_image","twitter_misc":{"Gesch\u00e4tzte Lesezeit":"1\u00a0Minute"},"schema":{"@context":"https:\/\/schema.org","@graph":[{"@type":"WebPage","@id":"https:\/\/solvallacamping.hornstaging.no\/priser\/","url":"https:\/\/solvallacamping.hornstaging.no\/priser\/","name":"Preise auf Solvalla Camping","isPartOf":{"@id":"https:\/\/solvallacamping.hornstaging.no\/#website"},"primaryImageOfPage":{"@id":"https:\/\/solvallacamping.hornstaging.no\/priser\/#primaryimage"},"image":{"@id":"https:\/\/solvallacamping.hornstaging.no\/priser\/#primaryimage"},"thumbnailUrl":"https:\/\/solvallacamping.hornstaging.no\/wp-content\/uploads\/2026\/02\/opengraph-solvalla.png","datePublished":"2026-02-10T09:38:11+00:00","dateModified":"2026-02-17T10:32:38+00:00","description":"Sehen Sie die Preise f\u00fcr Zelte, Glamping, Wohnmobilstellpl\u00e4tze, Wohnwagen und H\u00fctten auf Solvalla Camping. Finden Sie eine Unterkunft, die zu Ihrem Budget passt.","breadcrumb":{"@id":"https:\/\/solvallacamping.hornstaging.no\/priser\/#breadcrumb"},"inLanguage":"de","potentialAction":[{"@type":"ReadAction","target":["https:\/\/solvallacamping.hornstaging.no\/priser\/"]}]},{"@type":"ImageObject","inLanguage":"de","@id":"https:\/\/solvallacamping.hornstaging.no\/priser\/#primaryimage","url":"https:\/\/solvallacamping.hornstaging.no\/wp-content\/uploads\/2026\/02\/opengraph-solvalla.png","contentUrl":"https:\/\/solvallacamping.hornstaging.no\/wp-content\/uploads\/2026\/02\/opengraph-solvalla.png","width":2048,"height":1230},{"@type":"BreadcrumbList","@id":"https:\/\/solvallacamping.hornstaging.no\/priser\/#breadcrumb","itemListElement":[{"@type":"ListItem","position":1,"name":"Hjem","item":"https:\/\/solvallacamping.hornstaging.no\/"},{"@type":"ListItem","position":2,"name":"Priser"}]},{"@type":"WebSite","@id":"https:\/\/solvallacamping.hornstaging.no\/#website","url":"https:\/\/solvallacamping.hornstaging.no\/","name":"Solvalla Camping","description":"Glamping und H\u00fctten am Meer","publisher":{"@id":"https:\/\/solvallacamping.hornstaging.no\/#organization"},"potentialAction":[{"@type":"SearchAction","target":{"@type":"EntryPoint","urlTemplate":"https:\/\/solvallacamping.hornstaging.no\/?s={search_term_string}"},"query-input":{"@type":"PropertyValueSpecification","valueRequired":true,"valueName":"search_term_string"}}],"inLanguage":"de"},{"@type":"Organization","@id":"https:\/\/solvallacamping.hornstaging.no\/#organization","name":"Solvalla Camping","url":"https:\/\/solvallacamping.hornstaging.no\/","logo":{"@type":"ImageObject","inLanguage":"de","@id":"https:\/\/solvallacamping.hornstaging.no\/#\/schema\/logo\/image\/","url":"https:\/\/solvallacamping.hornstaging.no\/wp-content\/uploads\/2026\/02\/logo-solvallacamping-lys.png","contentUrl":"https:\/\/solvallacamping.hornstaging.no\/wp-content\/uploads\/2026\/02\/logo-solvallacamping-lys.png","width":557,"height":196,"caption":"Solvalla Camping"},"image":{"@id":"https:\/\/solvallacamping.hornstaging.no\/#\/schema\/logo\/image\/"}}]}},"_links":{"self":[{"href":"https:\/\/solvallacamping.hornstaging.no\/de\/wp-json\/wp\/v2\/pages\/340","targetHints":{"allow":["GET"]}}],"collection":[{"href":"https:\/\/solvallacamping.hornstaging.no\/de\/wp-json\/wp\/v2\/pages"}],"about":[{"href":"https:\/\/solvallacamping.hornstaging.no\/de\/wp-json\/wp\/v2\/types\/page"}],"author":[{"embeddable":true,"href":"https:\/\/solvallacamping.hornstaging.no\/de\/wp-json\/wp\/v2\/users\/1"}],"replies":[{"embeddable":true,"href":"https:\/\/solvallacamping.hornstaging.no\/de\/wp-json\/wp\/v2\/comments?post=340"}],"version-history":[{"count":10,"href":"https:\/\/solvallacamping.hornstaging.no\/de\/wp-json\/wp\/v2\/pages\/340\/revisions"}],"predecessor-version":[{"id":1750,"href":"https:\/\/solvallacamping.hornstaging.no\/de\/wp-json\/wp\/v2\/pages\/340\/revisions\/1750"}],"wp:featuredmedia":[{"embeddable":true,"href":"https:\/\/solvallacamping.hornstaging.no\/de\/wp-json\/wp\/v2\/media\/1025"}],"wp:attachment":[{"href":"https:\/\/solvallacamping.hornstaging.no\/de\/wp-json\/wp\/v2\/media?parent=340"}],"curies":[{"name":"wp","href":"https:\/\/api.w.org\/{rel}","templated":true}]}}